{"id":3,"date":"2020-02-11T17:40:35","date_gmt":"2020-02-11T16:40:35","guid":{"rendered":"http:\/\/piqueniquedeschefs.fr\/?page_id=3"},"modified":"2025-04-01T13:26:46","modified_gmt":"2025-04-01T11:26:46","slug":"politique-de-confidentialite","status":"publish","type":"page","link":"https:\/\/piqueniquedeschefs.fr\/index.php\/politique-de-confidentialite\/","title":{"rendered":"Mentions l\u00e9gales \/ Politique de confidentialit\u00e9"},"content":{"rendered":"\n<p>Site \u00e9dit\u00e9 par :<br>Eve&rsquo;n concepts &#8211; 80 rue du Vercors, 38420 Le Versoud<\/p>\n\n\n\n<p>Directeurs de la publication : Yoann Parra, Nad\u00e8ge Court-Perrin<\/p>\n\n\n\n<p>Cr\u00e9dits photos : <a href=\"https:\/\/www.evenconcepts.fr\/\">Eve&rsquo;n Concepts<\/a>, Lamson N\u2019Guyen, Nad\u00e8ge Court-Perrin, Lis\u00e8le Teyssier-Guignand, Aur\u00e9lie Jeannette, Pookie Cookie STUDIO.<\/p>\n\n\n\n<p>Site h\u00e9berg\u00e9 par :<br>OVH &#8211; 2 rue Kellermann 59100 Roubaix \u2013 France <\/p>\n\n\n\n<h3 class=\"wp-block-heading\">Politique de confidentialit\u00e9<\/h3>\n\n\n\n<p>Nous accordons une importance particuli\u00e8re \u00e0 la confidentialit\u00e9 et \u00e0 la s\u00e9curit\u00e9 de vos donn\u00e9es. C\u2019est pourquoi nous mettons tout en \u0153uvre pour que nos processus techniques et op\u00e9rationnels respectent vos droits relatifs \u00e0 la protection de vos donn\u00e9es personnelles.<br>Conform\u00e9ment \u00e0 la loi \u00ab Informatique et Libert\u00e9s \u00bb n\u00b078-17 du 6 janvier 1978, ainsi qu\u2019au nouveau R\u00e8glement G\u00e9n\u00e9ral sur la Protection des Donn\u00e9es (RGPD), vous disposez d\u2019un droit d\u2019acc\u00e8s, de modification, de rectification et de suppression des donn\u00e9es qui vous concernent.<br>La pr\u00e9sente Politique de Confidentialit\u00e9 vise \u00e0 vous donner toutes les informations relatives \u00e0 la protection de vos donn\u00e9es personnelles mise en place par piqueniquedeschefs.fr<\/p>\n\n\n\n<p>Donn\u00e9es personnelles<\/p>\n\n\n\n<p>Les \u201cdonn\u00e9es personnelles\u201d d\u00e9signent l\u2019ensemble des donn\u00e9es que nous sommes susceptibles d\u2019enregistrer par le biais de nos divers formulaires et qui peuvent permettre de vous identifier.<\/p>\n\n\n\n<p>Collecte et consentement<\/p>\n\n\n\n<p>Le formulaire pr\u00e9sent sur piqueniquedeschefs.fr est conforme au RGPD. Aussi, lorsque vous remplissez l\u2019un de nos formulaires, vous reconnaissez avoir pris connaissance de la pr\u00e9sente Politique de Confidentialit\u00e9 et vous convenez et acceptez que  piqueniquedeschefs.fr puisse recueillir, traiter, stocker et\/ou utiliser ces donn\u00e9es personnelles, dans le respect des r\u00e8gles de confidentialit\u00e9 et de s\u00e9curit\u00e9 expos\u00e9es ci-apr\u00e8s.<\/p>\n\n\n\n<p>Identit\u00e9 et responsable du traitement de vos donn\u00e9es personnelles<\/p>\n\n\n\n<p>L\u2019ensemble des donn\u00e9es personnelles sont collect\u00e9es sur notre site par la soci\u00e9t\u00e9 Eve&rsquo;n concepts, immatricul\u00e9e au RCS de Grenoble sous le num\u00e9ro 823 516 042 et dont le si\u00e8ge social se situe : 80 rue du Vercors, 38420 Le Versoud.<\/p>\n\n\n\n<p>Donn\u00e9es collect\u00e9es sur le site<\/p>\n\n\n\n<p>Lorsque vous remplissez l\u2019un de nos formulaires, les donn\u00e9es suivantes peuvent \u00eatre collect\u00e9es et\/ou enregistr\u00e9es : Nom<em>, Pr\u00e9nom<\/em>, Email* (* donn\u00e9es obligatoires pour une r\u00e9ponse). Certaines donn\u00e9es peuvent \u00e9galement \u00eatre collect\u00e9es automatiquement du fait de vos actions sur le site (voir le paragraphe relatif aux cookies ci-dessous). Les donn\u00e9es collect\u00e9es ne peuvent en aucun cas inclure de donn\u00e9es personnelles sensibles, du type identifiants gouvernementaux (comme les num\u00e9ros de s\u00e9curit\u00e9 sociale, de permis de conduire, ou les num\u00e9ros d\u2019identification de contribuable), num\u00e9ros complets de carte de cr\u00e9dit ou de compte bancaire personnel, dossiers m\u00e9dicaux ou informations relatives \u00e0 des demandes de soins associ\u00e9es \u00e0 des personnes.<\/p>\n\n\n\n<p>Destinataire des donn\u00e9es collect\u00e9es sur le site<\/p>\n\n\n\n<p>Les donn\u00e9es personnelles vous concernant collect\u00e9es sur ce site sont destin\u00e9es \u00e0 l\u2019utilisation exclusive de Eve&rsquo;n concepts. La base de donn\u00e9es piqueniquedeschefs.fr n\u2019est utilis\u00e9e que par Eve&rsquo;n concepts qui s\u2019engage \u00e0 ne pas vendre, louer, partager ou divulguer vos donn\u00e9es nominatives \u00e0 des tiers. Son traitement est s\u00e9curis\u00e9 et confin\u00e9 \u00e0 un r\u00e9seau interne. Les informations recueillies sur ce site font l\u2019objet d\u2019un traitement informatique destin\u00e9 aux activit\u00e9s commerciales et marketing de l\u2019\u00e9tablissement. L\u2019ensemble de vos donn\u00e9es personnelles sont trait\u00e9es, stock\u00e9es et utilis\u00e9es avec toute la s\u00e9curit\u00e9 n\u00e9cessaire par Eve&rsquo;n concepts via un serveur bas\u00e9 en France. Ces donn\u00e9es peuvent, en fonction de vos actions sur notre site, \u00eatre \u00e9galement stock\u00e9es, g\u00e9r\u00e9es et utilis\u00e9es par des outils tiers, n\u00e9cessaires au bon fonctionnement de nos activit\u00e9s.<\/p>\n\n\n\n<p>Aussi, nous nous assurons que ces outils respectent les normes fix\u00e9es par le nouveau R\u00e8glement G\u00e9n\u00e9ral sur la Protection des Donn\u00e9es, en vigueur depuis le 25 mai 2018 au sein de l\u2019Union Europ\u00e9enne. L\u2019ensemble de nos formulaires vous permettent de d\u00e9cider si vous souhaitez ou non recevoir : nos newsletters d\u2019une part, nos offres commerciales et promotionnelles d\u2019autre part. Vous pouvez d\u00e9cider de recevoir ou non ces diff\u00e9rents types d\u2019e-mail, conform\u00e9ment au RGPD. Sans ce consentement explicite de votre part, et dans le cas o\u00f9 vous avez compl\u00e9t\u00e9 l\u2019un de nos formulaires,  piqueniquedeschefs.fr s\u2019engage \u00e0 ne vous envoyer que les e-mails n\u00e9cessaire au bon traitement de votre demande (e-mails de double opt-in pour confirmer votre adresse e-mail, etc). Ce consentement initial donn\u00e9 par vous-m\u00eame peut \u00eatre r\u00e9voqu\u00e9 \u00e0 n\u2019importe quel moment. En effet, si vous ne souhaitez plus recevoir d\u2019emails de la part de  piqueniquedeschefs.fr, il vous suffit de cliquer sur les liens de d\u00e9sabonnement pr\u00e9vus \u00e0 cet effet et pr\u00e9sents dans absolument tous nos e-mails, aussi bien ceux adress\u00e9s \u00e0 titre marketing que transactionnel. Vous pouvez \u00e9galement nous contacter sur gpnc[at]evenconcepts.fr pour nous signaler ce souhait de r\u00e9vocation.<\/p>\n\n\n\n<p>Cookies et code de tracking<\/p>\n\n\n\n<p>Dans certains cas,  piqueniquedeschefs.fr pourra \u00eatre amen\u00e9 \u00e0 utiliser des cookies, ainsi que le code de tracking de certains outils. \u00c0 noter qu\u2019un cookie aussi nomm\u00e9 \u00ab traceur \u00bb ou \u00ab t\u00e9moin de connexion \u00bb est l\u2019\u00e9quivalent d\u2019un petit fichier texte stock\u00e9 sur le terminal de l\u2019internaute et contenant des informations relatives \u00e0 sa navigation sur Internet : pages consult\u00e9es, date et heure de consultation, pr\u00e9f\u00e9rences quant aux param\u00e8tres des sites visit\u00e9s, reconnaissance de sa pr\u00e9sence sur des r\u00e9seaux sociaux \u00e0 travers les boutons de partage, etc.<\/p>\n\n\n\n<p>L\u2019utilisateur sera dans ce cas inform\u00e9 par un message\/une fen\u00eatre pop-up, d\u00e8s sa premi\u00e8re navigation, que le site utilise des cookies. Et ce pour lui proposer des informations adapt\u00e9es \u00e0 ses centres d\u2019int\u00e9r\u00eats, pour lui sugg\u00e9rer des publicit\u00e9s cibl\u00e9es li\u00e9es \u00e0 l\u2019organisme de formation, ainsi que pour mesurer l\u2019audience du site. Le site s\u2019engage \u00e0 ce que ces cookies ne permettent pas l\u2019identification personnelle de l\u2019utilisateur, ni toute utilisation de ses donn\u00e9es personnelles par des tiers. A noter que la dur\u00e9e de conservation de ces \u00ab cookies \u00bb dans l\u2019ordinateur de l\u2019utilisateur ne peut exc\u00e9der un mois. Le consentement de l\u2019utilisateur concernant l\u2019utilisation des cookies par le site \u00e9tant quant \u00e0 lui valable 13 mois maximum, conform\u00e9ment \u00e0 l\u2019article 32-II de la loi du 6 janvier 1978, modifi\u00e9 par l\u2019ordonnance n\u00b02011-1012 du 24 ao\u00fbt 2011, l\u2019utilisateur devra, une fois ce d\u00e9lai pass\u00e9, \u00e0 nouveau r\u00e9it\u00e9rer ou non son consentement.<\/p>\n\n\n\n<p>L\u2019utilisateur peut, s\u2019il le souhaite, s\u2019opposer \u00e0 la mise en place de cookies. Pour cela, ce dernier peut soit refuser l\u2019utilisation des cookies lors de sa premi\u00e8re connexion sur le site en cliquant sur le bandeau pr\u00e9vu \u00e0 cet effet, auquel cas il ne nous sera plus possible alors de lui offrir toutes les fonctionnalit\u00e9s de notre site, voire d\u2019en rendre inaccessibles certaines parties, soit configurer son navigateur Internet via les param\u00e8tres ad\u00e9quats (d\u00e9sactivation des cookies, choix d\u2019une navigation s\u00e9curis\u00e9e priv\u00e9e, mise en place d\u2019une \u00ab confidentialit\u00e9 haute \u00bb, etc.). La configuration de chaque navigateur \u00e9tant diff\u00e9rente, la proc\u00e9dure permettant de modifier ses souhaits en mati\u00e8re de cookies est d\u00e9crite dans le menu d\u2019aide dudit navigateur ; Ces informations sont \u00e9galement disponibles sur le site du cnil ( http:\/\/www.cnil.fr\/vos-droits\/vos-traces\/les-cookies\/), tout comme sur la documentation li\u00e9e \u00e0 chaque navigateur :<\/p>\n\n\n\n<p>Chrome : https:\/\/support.google.com\/chrome\/answer\/95647?hl=fr&amp;ref_topic=14666<br>\nInternet Explorer : http:\/\/windows.microsoft.com\/fr-fr\/windows7\/block-enable-or-allow-cookies<br>\nFirefox : http:\/\/support.mozilla.org\/fr\/kb\/activer-desactiver-cookies?redirectlocale=en-US&amp;redirectslug=Enabling+and+disabling+cookies<br>\nSafari : http:\/\/support.apple.com\/kb\/HT1677?viewlocale=fr_FR&amp;locale=fr_FR<br>\nOp\u00e9ra : http:\/\/www.opera.com\/help\/tutorials\/security\/cookies\/<\/p>\n\n\n\n<p>Modification de la Politique de Confidentialit\u00e9<\/p>\n\n\n\n<p>Eve&rsquo;n concepts se r\u00e9serve le droit de modifier la pr\u00e9sente Politique de confidentialit\u00e9 \u00e0 tout moment, notamment en application des changements apport\u00e9s aux lois et r\u00e9glementations en vigueur. D\u2019autre part, en cas de modification m\u00eame minime, nous nous engageons \u00e0 vous en informer par e-mail ou via notre site internet, 30 jours au moins (dans la mesure du possible) avant l\u2019application de ces modifications. Nous vous conseillons \u00e9galement de v\u00e9rifier cette page r\u00e9guli\u00e8rement afin de rester inform\u00e9, en temps r\u00e9el, de nos proc\u00e9dures et r\u00e8gles relatives \u00e0 vos donn\u00e9es personnelles.<\/p>\n\n\n\n<p>Droit d\u2019acc\u00e8s, de rectification et droit \u00e0 l\u2019oubli<\/p>\n\n\n\n<p>Conform\u00e9ment au RGPD et \u00e0 la loi \u201cinformatique et libert\u00e9\u201d n\u00b078-17 du 6 janvier 1978, vous disposez d\u2019un droit d\u2019acc\u00e8s, de modification, de rectification et de suppression de vos donn\u00e9es personnelles d\u00e9tenues par Eve&rsquo;n concepts. Vous pouvez exercer ce doit \u00e0 n\u2019importe quel moment sur simple demande en nous contactant par e-mail sur gpnc[at]evenconcepts.fr ou par voie postale au : 80 rue du Vercors, 38420 Le Versoud, en joignant dans les deux cas une copie de votre carte d\u2019identit\u00e9.<\/p>\n","protected":false},"excerpt":{"rendered":"<p>Site \u00e9dit\u00e9 par :Eve&rsquo;n concepts &#8211; 80 rue du Vercors, 38420 Le Versoud Directeurs de la publication : Yoann Parra, Nad\u00e8ge Court-Perrin Cr\u00e9dits photos :&hellip;<\/p>\n","protected":false},"author":1,"featured_media":0,"parent":0,"menu_order":0,"comment_status":"closed","ping_status":"closed","template":"","meta":{"footnotes":""},"class_list":["post-3","page","type-page","status-publish","hentry"],"yoast_head":"<!-- This site is optimized with the Yoast SEO plugin v26.7 - https:\/\/yoast.com\/wordpress\/plugins\/seo\/ -->\n<title>Mentions l\u00e9gales \/ Politique de confidentialit\u00e9 - Grand Pique-Nique des Chefs<\/title>\n<meta name=\"description\" content=\"Site \u00e9dit\u00e9 par :Eve&#039;n concepts - 45 Rue du Champ Roman, 38400 Saint-Martin-d&#039;H\u00e8res. Directeurs de la publication : Yoann Parra, Nad\u00e8ge Court-Perrin.\" \/>\n<meta name=\"robots\" content=\"index, follow, max-snippet:-1, max-image-preview:large, max-video-preview:-1\" \/>\n<link rel=\"canonical\" href=\"https:\/\/piqueniquedeschefs.fr\/index.php\/politique-de-confidentialite\/\" \/>\n<meta property=\"og:locale\" content=\"fr_FR\" \/>\n<meta property=\"og:type\" content=\"article\" \/>\n<meta property=\"og:title\" content=\"Mentions l\u00e9gales \/ Politique de confidentialit\u00e9 - Grand Pique-Nique des Chefs\" \/>\n<meta property=\"og:description\" content=\"Site \u00e9dit\u00e9 par :Eve&#039;n concepts - 45 Rue du Champ Roman, 38400 Saint-Martin-d&#039;H\u00e8res. Directeurs de la publication : Yoann Parra, Nad\u00e8ge Court-Perrin.\" \/>\n<meta property=\"og:url\" content=\"https:\/\/piqueniquedeschefs.fr\/index.php\/politique-de-confidentialite\/\" \/>\n<meta property=\"og:site_name\" content=\"Grand Pique-Nique des Chefs\" \/>\n<meta property=\"article:modified_time\" content=\"2025-04-01T11:26:46+00:00\" \/>\n<meta name=\"twitter:card\" content=\"summary_large_image\" \/>\n<meta name=\"twitter:label1\" content=\"Dur\u00e9e de lecture estim\u00e9e\" \/>\n\t<meta name=\"twitter:data1\" content=\"8 minutes\" \/>\n<script type=\"application\/ld+json\" class=\"yoast-schema-graph\">{\"@context\":\"https:\/\/schema.org\",\"@graph\":[{\"@type\":\"WebPage\",\"@id\":\"https:\/\/piqueniquedeschefs.fr\/index.php\/politique-de-confidentialite\/\",\"url\":\"https:\/\/piqueniquedeschefs.fr\/index.php\/politique-de-confidentialite\/\",\"name\":\"Mentions l\u00e9gales \/ Politique de confidentialit\u00e9 - Grand Pique-Nique des Chefs\",\"isPartOf\":{\"@id\":\"https:\/\/piqueniquedeschefs.fr\/#website\"},\"datePublished\":\"2020-02-11T16:40:35+00:00\",\"dateModified\":\"2025-04-01T11:26:46+00:00\",\"description\":\"Site \u00e9dit\u00e9 par :Eve'n concepts - 45 Rue du Champ Roman, 38400 Saint-Martin-d'H\u00e8res. Directeurs de la publication : Yoann Parra, Nad\u00e8ge Court-Perrin.\",\"breadcrumb\":{\"@id\":\"https:\/\/piqueniquedeschefs.fr\/index.php\/politique-de-confidentialite\/#breadcrumb\"},\"inLanguage\":\"fr-FR\",\"potentialAction\":[{\"@type\":\"ReadAction\",\"target\":[\"https:\/\/piqueniquedeschefs.fr\/index.php\/politique-de-confidentialite\/\"]}]},{\"@type\":\"BreadcrumbList\",\"@id\":\"https:\/\/piqueniquedeschefs.fr\/index.php\/politique-de-confidentialite\/#breadcrumb\",\"itemListElement\":[{\"@type\":\"ListItem\",\"position\":1,\"name\":\"Accueil\",\"item\":\"https:\/\/piqueniquedeschefs.fr\/\"},{\"@type\":\"ListItem\",\"position\":2,\"name\":\"Mentions l\u00e9gales \/ Politique de confidentialit\u00e9\"}]},{\"@type\":\"WebSite\",\"@id\":\"https:\/\/piqueniquedeschefs.fr\/#website\",\"url\":\"https:\/\/piqueniquedeschefs.fr\/\",\"name\":\"Grand Pique-Nique des Chefs\",\"description\":\"Ev\u00e9nement culinaire\",\"publisher\":{\"@id\":\"https:\/\/piqueniquedeschefs.fr\/#organization\"},\"potentialAction\":[{\"@type\":\"SearchAction\",\"target\":{\"@type\":\"EntryPoint\",\"urlTemplate\":\"https:\/\/piqueniquedeschefs.fr\/?s={search_term_string}\"},\"query-input\":{\"@type\":\"PropertyValueSpecification\",\"valueRequired\":true,\"valueName\":\"search_term_string\"}}],\"inLanguage\":\"fr-FR\"},{\"@type\":\"Organization\",\"@id\":\"https:\/\/piqueniquedeschefs.fr\/#organization\",\"name\":\"Grand Pique-Nique des Chefs\",\"url\":\"https:\/\/piqueniquedeschefs.fr\/\",\"logo\":{\"@type\":\"ImageObject\",\"inLanguage\":\"fr-FR\",\"@id\":\"https:\/\/piqueniquedeschefs.fr\/#\/schema\/logo\/image\/\",\"url\":\"https:\/\/piqueniquedeschefs.fr\/wp-content\/uploads\/2020\/02\/cropped-logo-gpnc-2020.jpg\",\"contentUrl\":\"https:\/\/piqueniquedeschefs.fr\/wp-content\/uploads\/2020\/02\/cropped-logo-gpnc-2020.jpg\",\"width\":218,\"height\":136,\"caption\":\"Grand Pique-Nique des Chefs\"},\"image\":{\"@id\":\"https:\/\/piqueniquedeschefs.fr\/#\/schema\/logo\/image\/\"}}]}<\/script>\n<!-- \/ Yoast SEO plugin. -->","yoast_head_json":{"title":"Mentions l\u00e9gales \/ Politique de confidentialit\u00e9 - Grand Pique-Nique des Chefs","description":"Site \u00e9dit\u00e9 par :Eve'n concepts - 45 Rue du Champ Roman, 38400 Saint-Martin-d'H\u00e8res. Directeurs de la publication : Yoann Parra, Nad\u00e8ge Court-Perrin.","robots":{"index":"index","follow":"follow","max-snippet":"max-snippet:-1","max-image-preview":"max-image-preview:large","max-video-preview":"max-video-preview:-1"},"canonical":"https:\/\/piqueniquedeschefs.fr\/index.php\/politique-de-confidentialite\/","og_locale":"fr_FR","og_type":"article","og_title":"Mentions l\u00e9gales \/ Politique de confidentialit\u00e9 - Grand Pique-Nique des Chefs","og_description":"Site \u00e9dit\u00e9 par :Eve'n concepts - 45 Rue du Champ Roman, 38400 Saint-Martin-d'H\u00e8res. Directeurs de la publication : Yoann Parra, Nad\u00e8ge Court-Perrin.","og_url":"https:\/\/piqueniquedeschefs.fr\/index.php\/politique-de-confidentialite\/","og_site_name":"Grand Pique-Nique des Chefs","article_modified_time":"2025-04-01T11:26:46+00:00","twitter_card":"summary_large_image","twitter_misc":{"Dur\u00e9e de lecture estim\u00e9e":"8 minutes"},"schema":{"@context":"https:\/\/schema.org","@graph":[{"@type":"WebPage","@id":"https:\/\/piqueniquedeschefs.fr\/index.php\/politique-de-confidentialite\/","url":"https:\/\/piqueniquedeschefs.fr\/index.php\/politique-de-confidentialite\/","name":"Mentions l\u00e9gales \/ Politique de confidentialit\u00e9 - Grand Pique-Nique des Chefs","isPartOf":{"@id":"https:\/\/piqueniquedeschefs.fr\/#website"},"datePublished":"2020-02-11T16:40:35+00:00","dateModified":"2025-04-01T11:26:46+00:00","description":"Site \u00e9dit\u00e9 par :Eve'n concepts - 45 Rue du Champ Roman, 38400 Saint-Martin-d'H\u00e8res. Directeurs de la publication : Yoann Parra, Nad\u00e8ge Court-Perrin.","breadcrumb":{"@id":"https:\/\/piqueniquedeschefs.fr\/index.php\/politique-de-confidentialite\/#breadcrumb"},"inLanguage":"fr-FR","potentialAction":[{"@type":"ReadAction","target":["https:\/\/piqueniquedeschefs.fr\/index.php\/politique-de-confidentialite\/"]}]},{"@type":"BreadcrumbList","@id":"https:\/\/piqueniquedeschefs.fr\/index.php\/politique-de-confidentialite\/#breadcrumb","itemListElement":[{"@type":"ListItem","position":1,"name":"Accueil","item":"https:\/\/piqueniquedeschefs.fr\/"},{"@type":"ListItem","position":2,"name":"Mentions l\u00e9gales \/ Politique de confidentialit\u00e9"}]},{"@type":"WebSite","@id":"https:\/\/piqueniquedeschefs.fr\/#website","url":"https:\/\/piqueniquedeschefs.fr\/","name":"Grand Pique-Nique des Chefs","description":"Ev\u00e9nement culinaire","publisher":{"@id":"https:\/\/piqueniquedeschefs.fr\/#organization"},"potentialAction":[{"@type":"SearchAction","target":{"@type":"EntryPoint","urlTemplate":"https:\/\/piqueniquedeschefs.fr\/?s={search_term_string}"},"query-input":{"@type":"PropertyValueSpecification","valueRequired":true,"valueName":"search_term_string"}}],"inLanguage":"fr-FR"},{"@type":"Organization","@id":"https:\/\/piqueniquedeschefs.fr\/#organization","name":"Grand Pique-Nique des Chefs","url":"https:\/\/piqueniquedeschefs.fr\/","logo":{"@type":"ImageObject","inLanguage":"fr-FR","@id":"https:\/\/piqueniquedeschefs.fr\/#\/schema\/logo\/image\/","url":"https:\/\/piqueniquedeschefs.fr\/wp-content\/uploads\/2020\/02\/cropped-logo-gpnc-2020.jpg","contentUrl":"https:\/\/piqueniquedeschefs.fr\/wp-content\/uploads\/2020\/02\/cropped-logo-gpnc-2020.jpg","width":218,"height":136,"caption":"Grand Pique-Nique des Chefs"},"image":{"@id":"https:\/\/piqueniquedeschefs.fr\/#\/schema\/logo\/image\/"}}]}},"_links":{"self":[{"href":"https:\/\/piqueniquedeschefs.fr\/index.php\/wp-json\/wp\/v2\/pages\/3","targetHints":{"allow":["GET"]}}],"collection":[{"href":"https:\/\/piqueniquedeschefs.fr\/index.php\/wp-json\/wp\/v2\/pages"}],"about":[{"href":"https:\/\/piqueniquedeschefs.fr\/index.php\/wp-json\/wp\/v2\/types\/page"}],"author":[{"embeddable":true,"href":"https:\/\/piqueniquedeschefs.fr\/index.php\/wp-json\/wp\/v2\/users\/1"}],"replies":[{"embeddable":true,"href":"https:\/\/piqueniquedeschefs.fr\/index.php\/wp-json\/wp\/v2\/comments?post=3"}],"version-history":[{"count":11,"href":"https:\/\/piqueniquedeschefs.fr\/index.php\/wp-json\/wp\/v2\/pages\/3\/revisions"}],"predecessor-version":[{"id":3691,"href":"https:\/\/piqueniquedeschefs.fr\/index.php\/wp-json\/wp\/v2\/pages\/3\/revisions\/3691"}],"wp:attachment":[{"href":"https:\/\/piqueniquedeschefs.fr\/index.php\/wp-json\/wp\/v2\/media?parent=3"}],"curies":[{"name":"wp","href":"https:\/\/api.w.org\/{rel}","templated":true}]}}