{"id":3755,"date":"2025-05-07T16:04:18","date_gmt":"2025-05-07T14:04:18","guid":{"rendered":"https:\/\/piqueniquedeschefs.fr\/?page_id=3755"},"modified":"2026-01-30T15:57:20","modified_gmt":"2026-01-30T14:57:20","slug":"levenement-2025","status":"publish","type":"page","link":"https:\/\/piqueniquedeschefs.fr\/index.php\/levenement-2025\/","title":{"rendered":"L&rsquo;\u00e9v\u00e9nement 2025"},"content":{"rendered":"\n<div style=\"height:100px\" aria-hidden=\"true\" class=\"wp-block-spacer\"><\/div>\n\n\n\n<h1 class=\"wp-block-heading\">L\u2019\u00e9v\u00e9nement culinaire de l\u2019ann\u00e9e, sur l&rsquo;agglom\u00e9ration grenobloise<\/h1>\n\n\n\n<div style=\"height:100px\" aria-hidden=\"true\" class=\"wp-block-spacer\"><\/div>\n\n\n\n<p>Depuis 2018, le <strong>Grand Pique-Nique des Chefs<\/strong> s\u2019inscrit comme <strong>LE rendez-vous des passionn\u00e9s de la gastronomie en Is\u00e8re.<\/strong> C&rsquo;est la valorisation des savoir-faire, des produits locaux et de saison.<\/p>\n\n\n\n<p>Cr\u00e9\u00e9 par l&rsquo;association Is\u00e8re Gastronomie en 2018 puis adopt\u00e9 par l&rsquo;agence \u00e9v\u00e9nementielle grenobloise <a href=\"https:\/\/www.evenconcepts.fr\" data-type=\"URL\" data-id=\"https:\/\/www.evenconcepts.fr\">Eve&rsquo;n Concepts<\/a> depuis 2021, cet \u00e9v\u00e9nement accueille chaque \u00e9dition des <strong>grands chefs cuisiniers, p\u00e2tissiers, artisans<\/strong>, mais aussi des <strong>producteurs locaux<\/strong>. <\/p>\n\n\n\n<p>Au programme, une journ\u00e9e<strong> festive<\/strong> berc\u00e9e par une <strong>ambiance conviviale<\/strong> dans laquelle sont plong\u00e9es de nombreuses <strong>familles <\/strong>venant pique-niquer, se d\u00e9tendre &amp; d\u00e9couvrir la <strong>richesse de notre terroir<\/strong>.<\/p>\n\n\n\n<div style=\"height:140px\" aria-hidden=\"true\" class=\"wp-block-spacer\"><\/div>\n\n\n\n<h2 class=\"wp-block-heading has-text-align-center\" style=\"text-transform:uppercase\">\u2600\ufe0f Un \u00e9v\u00e9nement culinaire qui rayonne gr\u00e2ce \u00e0<\/h2>\n\n\n\n<div style=\"height:140px\" aria-hidden=\"true\" class=\"wp-block-spacer\"><\/div>\n\n\n\n<div class=\"wp-block-columns is-layout-flex wp-container-core-columns-is-layout-9d6595d7 wp-block-columns-is-layout-flex\">\n<div class=\"wp-block-column is-layout-flow wp-block-column-is-layout-flow\"><div class=\"wp-block-image\">\n<figure class=\"aligncenter size-large is-resized\"><img loading=\"lazy\" decoding=\"async\" width=\"1024\" height=\"768\" src=\"https:\/\/piqueniquedeschefs.fr\/wp-content\/uploads\/2022\/07\/P1179359-1024x768.jpg\" alt=\"\" class=\"wp-image-2192\" style=\"width:277px;height:208px\" srcset=\"https:\/\/piqueniquedeschefs.fr\/wp-content\/uploads\/2022\/07\/P1179359-1024x768.jpg 1024w, https:\/\/piqueniquedeschefs.fr\/wp-content\/uploads\/2022\/07\/P1179359-300x225.jpg 300w, https:\/\/piqueniquedeschefs.fr\/wp-content\/uploads\/2022\/07\/P1179359-768x576.jpg 768w, https:\/\/piqueniquedeschefs.fr\/wp-content\/uploads\/2022\/07\/P1179359-1536x1152.jpg 1536w, https:\/\/piqueniquedeschefs.fr\/wp-content\/uploads\/2022\/07\/P1179359.jpg 2048w\" sizes=\"auto, (max-width: 1024px) 100vw, 1024px\" \/><\/figure>\n<\/div>\n\n\n<h3 class=\"wp-block-heading has-text-align-center\">20 chefs<\/h3>\n\n\n\n<div class=\"wp-block-buttons is-content-justification-center is-layout-flex wp-container-core-buttons-is-layout-16018d1d wp-block-buttons-is-layout-flex\">\n<div class=\"wp-block-button aligncenter\"><a class=\"wp-block-button__link has-small-font-size has-custom-font-size wp-element-button\" href=\"https:\/\/piqueniquedeschefs.fr\/index.php\/chefs-2025\/\">D\u00e9couvrir les chefs<\/a><\/div>\n<\/div>\n<\/div>\n\n\n\n<div class=\"wp-block-column is-layout-flow wp-block-column-is-layout-flow\"><div class=\"wp-block-image\">\n<figure class=\"aligncenter size-large is-resized\"><img loading=\"lazy\" decoding=\"async\" width=\"1024\" height=\"768\" src=\"https:\/\/piqueniquedeschefs.fr\/wp-content\/uploads\/2022\/07\/P1179367-1024x768.jpg\" alt=\"\" class=\"wp-image-2193\" style=\"width:276px;height:207px\" srcset=\"https:\/\/piqueniquedeschefs.fr\/wp-content\/uploads\/2022\/07\/P1179367-1024x768.jpg 1024w, https:\/\/piqueniquedeschefs.fr\/wp-content\/uploads\/2022\/07\/P1179367-300x225.jpg 300w, https:\/\/piqueniquedeschefs.fr\/wp-content\/uploads\/2022\/07\/P1179367-768x576.jpg 768w, https:\/\/piqueniquedeschefs.fr\/wp-content\/uploads\/2022\/07\/P1179367-1536x1152.jpg 1536w, https:\/\/piqueniquedeschefs.fr\/wp-content\/uploads\/2022\/07\/P1179367.jpg 2048w\" sizes=\"auto, (max-width: 1024px) 100vw, 1024px\" \/><\/figure>\n<\/div>\n\n\n<h3 class=\"wp-block-heading has-text-align-center\">25 producteurs<\/h3>\n\n\n\n<div class=\"wp-block-buttons is-content-justification-center is-layout-flex wp-container-core-buttons-is-layout-16018d1d wp-block-buttons-is-layout-flex\">\n<div class=\"wp-block-button aligncenter\"><a class=\"wp-block-button__link has-small-font-size has-custom-font-size wp-element-button\" href=\"https:\/\/piqueniquedeschefs.fr\/index.php\/le-marche-producteurs-v1\/\">D\u00e9couvrir les producteurs<\/a><\/div>\n<\/div>\n<\/div>\n\n\n\n<div class=\"wp-block-column is-layout-flow wp-block-column-is-layout-flow\"><div class=\"wp-block-image\">\n<figure class=\"aligncenter size-large is-resized\"><img loading=\"lazy\" decoding=\"async\" width=\"1024\" height=\"768\" src=\"https:\/\/piqueniquedeschefs.fr\/wp-content\/uploads\/2022\/07\/P1179779-1024x768.jpg\" alt=\"\" class=\"wp-image-2074\" style=\"width:276px;height:207px\" srcset=\"https:\/\/piqueniquedeschefs.fr\/wp-content\/uploads\/2022\/07\/P1179779-1024x768.jpg 1024w, https:\/\/piqueniquedeschefs.fr\/wp-content\/uploads\/2022\/07\/P1179779-300x225.jpg 300w, https:\/\/piqueniquedeschefs.fr\/wp-content\/uploads\/2022\/07\/P1179779-768x576.jpg 768w, https:\/\/piqueniquedeschefs.fr\/wp-content\/uploads\/2022\/07\/P1179779-1536x1152.jpg 1536w, https:\/\/piqueniquedeschefs.fr\/wp-content\/uploads\/2022\/07\/P1179779.jpg 2048w\" sizes=\"auto, (max-width: 1024px) 100vw, 1024px\" \/><\/figure>\n<\/div>\n\n\n<h3 class=\"wp-block-heading has-text-align-center\">1 journ\u00e9e festive<\/h3>\n\n\n\n<div class=\"wp-block-buttons is-content-justification-center is-layout-flex wp-container-core-buttons-is-layout-16018d1d wp-block-buttons-is-layout-flex\">\n<div class=\"wp-block-button aligncenter\"><a class=\"wp-block-button__link has-small-font-size has-custom-font-size wp-element-button\" href=\"https:\/\/piqueniquedeschefs.fr\/index.php\/galeries-photos\/\">D\u00e9couvrir la journ\u00e9e<\/a><\/div>\n<\/div>\n<\/div>\n<\/div>\n\n\n\n<div class=\"wp-block-columns is-layout-flex wp-container-core-columns-is-layout-9d6595d7 wp-block-columns-is-layout-flex\">\n<div class=\"wp-block-column is-layout-flow wp-block-column-is-layout-flow\"><div class=\"wp-block-image\">\n<figure class=\"aligncenter size-large is-resized\"><img loading=\"lazy\" decoding=\"async\" width=\"1024\" height=\"768\" src=\"https:\/\/piqueniquedeschefs.fr\/wp-content\/uploads\/2022\/07\/P1180084-1024x768.jpg\" alt=\"\" class=\"wp-image-2082\" style=\"width:277px;height:208px\" srcset=\"https:\/\/piqueniquedeschefs.fr\/wp-content\/uploads\/2022\/07\/P1180084-1024x768.jpg 1024w, https:\/\/piqueniquedeschefs.fr\/wp-content\/uploads\/2022\/07\/P1180084-300x225.jpg 300w, https:\/\/piqueniquedeschefs.fr\/wp-content\/uploads\/2022\/07\/P1180084-768x576.jpg 768w, https:\/\/piqueniquedeschefs.fr\/wp-content\/uploads\/2022\/07\/P1180084-1536x1152.jpg 1536w, https:\/\/piqueniquedeschefs.fr\/wp-content\/uploads\/2022\/07\/P1180084.jpg 2048w\" sizes=\"auto, (max-width: 1024px) 100vw, 1024px\" \/><\/figure>\n<\/div>\n\n\n<h3 class=\"wp-block-heading has-text-align-center\">1 ambiance estivale<\/h3>\n\n\n\n<div class=\"wp-block-buttons is-content-justification-center is-layout-flex wp-container-core-buttons-is-layout-16018d1d wp-block-buttons-is-layout-flex\">\n<div class=\"wp-block-button aligncenter\"><a class=\"wp-block-button__link has-small-font-size has-custom-font-size wp-element-button\" href=\"https:\/\/piqueniquedeschefs.fr\/index.php\/lambiance-estivale\/\">D\u00e9couvrir l&rsquo;ambiance<\/a><\/div>\n<\/div>\n<\/div>\n\n\n\n<div class=\"wp-block-column is-layout-flow wp-block-column-is-layout-flow\"><div class=\"wp-block-image\">\n<figure class=\"aligncenter size-large is-resized\"><img loading=\"lazy\" decoding=\"async\" width=\"1024\" height=\"682\" src=\"https:\/\/piqueniquedeschefs.fr\/wp-content\/uploads\/2025\/05\/\u00a9Domaine-de-Vizille-Departement-de-lIsere_F.Pattou-129-69-1024x682.jpg\" alt=\"\" class=\"wp-image-3792\" style=\"width:276px;height:207px\" srcset=\"https:\/\/piqueniquedeschefs.fr\/wp-content\/uploads\/2025\/05\/\u00a9Domaine-de-Vizille-Departement-de-lIsere_F.Pattou-129-69-1024x682.jpg 1024w, https:\/\/piqueniquedeschefs.fr\/wp-content\/uploads\/2025\/05\/\u00a9Domaine-de-Vizille-Departement-de-lIsere_F.Pattou-129-69-300x200.jpg 300w, https:\/\/piqueniquedeschefs.fr\/wp-content\/uploads\/2025\/05\/\u00a9Domaine-de-Vizille-Departement-de-lIsere_F.Pattou-129-69-768x512.jpg 768w, https:\/\/piqueniquedeschefs.fr\/wp-content\/uploads\/2025\/05\/\u00a9Domaine-de-Vizille-Departement-de-lIsere_F.Pattou-129-69-1536x1023.jpg 1536w, https:\/\/piqueniquedeschefs.fr\/wp-content\/uploads\/2025\/05\/\u00a9Domaine-de-Vizille-Departement-de-lIsere_F.Pattou-129-69-2048x1364.jpg 2048w\" sizes=\"auto, (max-width: 1024px) 100vw, 1024px\" \/><\/figure>\n<\/div>\n\n\n<h3 class=\"wp-block-heading has-text-align-center\">1 parc embl\u00e9matique<\/h3>\n\n\n\n<div class=\"wp-block-buttons is-content-justification-center is-layout-flex wp-container-core-buttons-is-layout-16018d1d wp-block-buttons-is-layout-flex\">\n<div class=\"wp-block-button aligncenter\"><a class=\"wp-block-button__link has-small-font-size has-custom-font-size wp-element-button\" href=\"https:\/\/piqueniquedeschefs.fr\/index.php\/infos-pratiques\/\">D\u00e9couvrir le lieu<\/a><\/div>\n<\/div>\n<\/div>\n\n\n\n<div class=\"wp-block-column is-layout-flow wp-block-column-is-layout-flow\"><\/div>\n<\/div>\n\n\n\n<div style=\"height:140px\" aria-hidden=\"true\" class=\"wp-block-spacer\"><\/div>\n\n\n\n<h2 class=\"wp-block-heading has-text-align-center\" style=\"text-transform:uppercase\">Mais aussi gr\u00e2ce \u00e0 vous \ud83d\udc9b<\/h2>\n\n\n\n<div style=\"height:140px\" aria-hidden=\"true\" class=\"wp-block-spacer\"><\/div>\n\n\n\n<div class=\"wp-block-columns is-layout-flex wp-container-core-columns-is-layout-9d6595d7 wp-block-columns-is-layout-flex\">\n<div class=\"wp-block-column is-layout-flow wp-block-column-is-layout-flow\">\n<h3 class=\"wp-block-heading has-text-align-center\" style=\"text-transform:lowercase\">+ de 6 250 participants<\/h3>\n<\/div>\n\n\n\n<div class=\"wp-block-column is-layout-flow wp-block-column-is-layout-flow\">\n<h3 class=\"wp-block-heading has-text-align-center\">1 billetterie COMPL\u00c8TE chaque ann\u00e9e<\/h3>\n<\/div>\n<\/div>\n\n\n\n<div style=\"height:140px\" aria-hidden=\"true\" class=\"wp-block-spacer\"><\/div>\n\n\n\n<h2 class=\"wp-block-heading has-text-align-center\" style=\"text-transform:uppercase\"> et \u00e0 nos partenaires \ud83e\udd29<\/h2>\n\n\n\n<div style=\"height:100px\" aria-hidden=\"true\" class=\"wp-block-spacer\"><\/div>\n\n\n\n<div style=\"height:26px\" aria-hidden=\"true\" class=\"wp-block-spacer\"><\/div>\n\n\n\n<div class=\"wp-block-columns is-layout-flex wp-container-core-columns-is-layout-9d6595d7 wp-block-columns-is-layout-flex\">\n<div class=\"wp-block-column is-vertically-aligned-center is-layout-flow wp-block-column-is-layout-flow\"><div class=\"wp-block-image\">\n<figure class=\"aligncenter size-full\"><a href=\"https:\/\/www.chateau-or-et-gueules.com\/la-cave-de-montbonnot\" target=\"_blank\" rel=\"noreferrer noopener\"><img loading=\"lazy\" decoding=\"async\" width=\"811\" height=\"307\" src=\"https:\/\/piqueniquedeschefs.fr\/wp-content\/uploads\/2022\/07\/logo-cave-montbonnot-noir-1.png\" alt=\"\" class=\"wp-image-2062\" srcset=\"https:\/\/piqueniquedeschefs.fr\/wp-content\/uploads\/2022\/07\/logo-cave-montbonnot-noir-1.png 811w, https:\/\/piqueniquedeschefs.fr\/wp-content\/uploads\/2022\/07\/logo-cave-montbonnot-noir-1-300x114.png 300w, https:\/\/piqueniquedeschefs.fr\/wp-content\/uploads\/2022\/07\/logo-cave-montbonnot-noir-1-768x291.png 768w\" sizes=\"auto, (max-width: 811px) 100vw, 811px\" \/><\/a><\/figure>\n<\/div><\/div>\n\n\n\n<div class=\"wp-block-column is-vertically-aligned-center is-layout-flow wp-block-column-is-layout-flow\"><div class=\"wp-block-image\">\n<figure class=\"aligncenter size-large\"><img loading=\"lazy\" decoding=\"async\" width=\"1024\" height=\"414\" src=\"https:\/\/piqueniquedeschefs.fr\/wp-content\/uploads\/2023\/05\/logo-loca-reception-1024x414.png\" alt=\"\" class=\"wp-image-3416\" srcset=\"https:\/\/piqueniquedeschefs.fr\/wp-content\/uploads\/2023\/05\/logo-loca-reception-1024x414.png 1024w, https:\/\/piqueniquedeschefs.fr\/wp-content\/uploads\/2023\/05\/logo-loca-reception-300x121.png 300w, https:\/\/piqueniquedeschefs.fr\/wp-content\/uploads\/2023\/05\/logo-loca-reception-768x311.png 768w, https:\/\/piqueniquedeschefs.fr\/wp-content\/uploads\/2023\/05\/logo-loca-reception-1536x622.png 1536w, https:\/\/piqueniquedeschefs.fr\/wp-content\/uploads\/2023\/05\/logo-loca-reception-2048x829.png 2048w\" sizes=\"auto, (max-width: 1024px) 100vw, 1024px\" \/><\/figure>\n<\/div><\/div>\n\n\n\n<div class=\"wp-block-column is-vertically-aligned-center is-layout-flow wp-block-column-is-layout-flow\">\n<figure class=\"wp-block-image size-large\"><img loading=\"lazy\" decoding=\"async\" width=\"1024\" height=\"568\" src=\"https:\/\/piqueniquedeschefs.fr\/wp-content\/uploads\/2021\/06\/LOGO_CHERIE-FM_CMJN-1024x568.png\" alt=\"LOGO_CHERIE FM_CMJN\" class=\"wp-image-563\" srcset=\"https:\/\/piqueniquedeschefs.fr\/wp-content\/uploads\/2021\/06\/LOGO_CHERIE-FM_CMJN-1024x568.png 1024w, https:\/\/piqueniquedeschefs.fr\/wp-content\/uploads\/2021\/06\/LOGO_CHERIE-FM_CMJN-300x166.png 300w, https:\/\/piqueniquedeschefs.fr\/wp-content\/uploads\/2021\/06\/LOGO_CHERIE-FM_CMJN-768x426.png 768w, https:\/\/piqueniquedeschefs.fr\/wp-content\/uploads\/2021\/06\/LOGO_CHERIE-FM_CMJN.png 1162w\" sizes=\"auto, (max-width: 1024px) 100vw, 1024px\" \/><\/figure>\n<\/div>\n\n\n\n<div class=\"wp-block-column is-vertically-aligned-center is-layout-flow wp-block-column-is-layout-flow\">\n<figure class=\"wp-block-image size-large\"><img loading=\"lazy\" decoding=\"async\" width=\"1024\" height=\"328\" src=\"https:\/\/piqueniquedeschefs.fr\/wp-content\/uploads\/2026\/01\/logo-domaine-de-vizille-1024x328.png\" alt=\"logo-domaine-de-vizille\" class=\"wp-image-4146\" srcset=\"https:\/\/piqueniquedeschefs.fr\/wp-content\/uploads\/2026\/01\/logo-domaine-de-vizille-1024x328.png 1024w, https:\/\/piqueniquedeschefs.fr\/wp-content\/uploads\/2026\/01\/logo-domaine-de-vizille-300x96.png 300w, https:\/\/piqueniquedeschefs.fr\/wp-content\/uploads\/2026\/01\/logo-domaine-de-vizille-768x246.png 768w, https:\/\/piqueniquedeschefs.fr\/wp-content\/uploads\/2026\/01\/logo-domaine-de-vizille-1536x492.png 1536w, https:\/\/piqueniquedeschefs.fr\/wp-content\/uploads\/2026\/01\/logo-domaine-de-vizille-2048x656.png 2048w\" sizes=\"auto, (max-width: 1024px) 100vw, 1024px\" \/><\/figure>\n<\/div>\n\n\n\n<div class=\"wp-block-column is-vertically-aligned-center is-layout-flow wp-block-column-is-layout-flow\"><div class=\"wp-block-image\">\n<figure class=\"aligncenter size-large\"><img loading=\"lazy\" decoding=\"async\" width=\"1024\" height=\"1024\" src=\"https:\/\/piqueniquedeschefs.fr\/wp-content\/uploads\/2023\/05\/LOGO_maitre_restaurateur_isere_FINAL-01-1024x1024.png\" alt=\"\" class=\"wp-image-3421\" srcset=\"https:\/\/piqueniquedeschefs.fr\/wp-content\/uploads\/2023\/05\/LOGO_maitre_restaurateur_isere_FINAL-01-1024x1024.png 1024w, https:\/\/piqueniquedeschefs.fr\/wp-content\/uploads\/2023\/05\/LOGO_maitre_restaurateur_isere_FINAL-01-300x300.png 300w, https:\/\/piqueniquedeschefs.fr\/wp-content\/uploads\/2023\/05\/LOGO_maitre_restaurateur_isere_FINAL-01-150x150.png 150w, https:\/\/piqueniquedeschefs.fr\/wp-content\/uploads\/2023\/05\/LOGO_maitre_restaurateur_isere_FINAL-01-768x768.png 768w, https:\/\/piqueniquedeschefs.fr\/wp-content\/uploads\/2023\/05\/LOGO_maitre_restaurateur_isere_FINAL-01-1536x1536.png 1536w, https:\/\/piqueniquedeschefs.fr\/wp-content\/uploads\/2023\/05\/LOGO_maitre_restaurateur_isere_FINAL-01.png 1772w\" sizes=\"auto, (max-width: 1024px) 100vw, 1024px\" \/><\/figure>\n<\/div><\/div>\n<\/div>\n\n\n\n<div style=\"height:100px\" aria-hidden=\"true\" class=\"wp-block-spacer\"><\/div>\n\n\n\n<div class=\"wp-block-buttons is-layout-flex wp-block-buttons-is-layout-flex\">\n<div class=\"wp-block-button aligncenter\"><a class=\"wp-block-button__link has-small-font-size has-custom-font-size wp-element-button\" href=\"https:\/\/piqueniquedeschefs.fr\/index.php\/contact\/\">Devenir partenaire<\/a><\/div>\n<\/div>\n\n\n\n<p><\/p>\n","protected":false},"excerpt":{"rendered":"<p>L\u2019\u00e9v\u00e9nement culinaire de l\u2019ann\u00e9e, sur l&rsquo;agglom\u00e9ration grenobloise Depuis 2018, le Grand Pique-Nique des Chefs s\u2019inscrit comme LE rendez-vous des passionn\u00e9s de la gastronomie en Is\u00e8re.&hellip;<\/p>\n","protected":false},"author":1,"featured_media":0,"parent":0,"menu_order":0,"comment_status":"closed","ping_status":"closed","template":"","meta":{"footnotes":""},"class_list":["post-3755","page","type-page","status-publish","hentry"],"yoast_head":"<!-- This site is optimized with the Yoast SEO plugin v26.7 - https:\/\/yoast.com\/wordpress\/plugins\/seo\/ -->\n<title>L&#039;\u00e9v\u00e9nement 2025 - Grand Pique-Nique des Chefs<\/title>\n<meta name=\"robots\" content=\"index, follow, max-snippet:-1, max-image-preview:large, max-video-preview:-1\" \/>\n<link rel=\"canonical\" href=\"https:\/\/piqueniquedeschefs.fr\/index.php\/levenement-2025\/\" \/>\n<meta property=\"og:locale\" content=\"fr_FR\" \/>\n<meta property=\"og:type\" content=\"article\" \/>\n<meta property=\"og:title\" content=\"L&#039;\u00e9v\u00e9nement 2025 - Grand Pique-Nique des Chefs\" \/>\n<meta property=\"og:description\" content=\"L\u2019\u00e9v\u00e9nement culinaire de l\u2019ann\u00e9e, sur l&rsquo;agglom\u00e9ration grenobloise Depuis 2018, le Grand Pique-Nique des Chefs s\u2019inscrit comme LE rendez-vous des passionn\u00e9s de la gastronomie en Is\u00e8re.&hellip;\" \/>\n<meta property=\"og:url\" content=\"https:\/\/piqueniquedeschefs.fr\/index.php\/levenement-2025\/\" \/>\n<meta property=\"og:site_name\" content=\"Grand Pique-Nique des Chefs\" \/>\n<meta property=\"article:modified_time\" content=\"2026-01-30T14:57:20+00:00\" \/>\n<meta property=\"og:image\" content=\"http:\/\/piqueniquedeschefs.fr\/wp-content\/uploads\/2022\/07\/P1179359-1024x768.jpg\" \/>\n<meta name=\"twitter:card\" content=\"summary_large_image\" \/>\n<meta name=\"twitter:label1\" content=\"Dur\u00e9e de lecture estim\u00e9e\" \/>\n\t<meta name=\"twitter:data1\" content=\"3 minutes\" \/>\n<script type=\"application\/ld+json\" class=\"yoast-schema-graph\">{\"@context\":\"https:\/\/schema.org\",\"@graph\":[{\"@type\":\"WebPage\",\"@id\":\"https:\/\/piqueniquedeschefs.fr\/index.php\/levenement-2025\/\",\"url\":\"https:\/\/piqueniquedeschefs.fr\/index.php\/levenement-2025\/\",\"name\":\"L'\u00e9v\u00e9nement 2025 - Grand Pique-Nique des Chefs\",\"isPartOf\":{\"@id\":\"https:\/\/piqueniquedeschefs.fr\/#website\"},\"primaryImageOfPage\":{\"@id\":\"https:\/\/piqueniquedeschefs.fr\/index.php\/levenement-2025\/#primaryimage\"},\"image\":{\"@id\":\"https:\/\/piqueniquedeschefs.fr\/index.php\/levenement-2025\/#primaryimage\"},\"thumbnailUrl\":\"http:\/\/piqueniquedeschefs.fr\/wp-content\/uploads\/2022\/07\/P1179359-1024x768.jpg\",\"datePublished\":\"2025-05-07T14:04:18+00:00\",\"dateModified\":\"2026-01-30T14:57:20+00:00\",\"breadcrumb\":{\"@id\":\"https:\/\/piqueniquedeschefs.fr\/index.php\/levenement-2025\/#breadcrumb\"},\"inLanguage\":\"fr-FR\",\"potentialAction\":[{\"@type\":\"ReadAction\",\"target\":[\"https:\/\/piqueniquedeschefs.fr\/index.php\/levenement-2025\/\"]}]},{\"@type\":\"ImageObject\",\"inLanguage\":\"fr-FR\",\"@id\":\"https:\/\/piqueniquedeschefs.fr\/index.php\/levenement-2025\/#primaryimage\",\"url\":\"https:\/\/piqueniquedeschefs.fr\/wp-content\/uploads\/2022\/07\/P1179359.jpg\",\"contentUrl\":\"https:\/\/piqueniquedeschefs.fr\/wp-content\/uploads\/2022\/07\/P1179359.jpg\",\"width\":2048,\"height\":1536},{\"@type\":\"BreadcrumbList\",\"@id\":\"https:\/\/piqueniquedeschefs.fr\/index.php\/levenement-2025\/#breadcrumb\",\"itemListElement\":[{\"@type\":\"ListItem\",\"position\":1,\"name\":\"Accueil\",\"item\":\"https:\/\/piqueniquedeschefs.fr\/\"},{\"@type\":\"ListItem\",\"position\":2,\"name\":\"L&rsquo;\u00e9v\u00e9nement 2025\"}]},{\"@type\":\"WebSite\",\"@id\":\"https:\/\/piqueniquedeschefs.fr\/#website\",\"url\":\"https:\/\/piqueniquedeschefs.fr\/\",\"name\":\"Grand Pique-Nique des Chefs\",\"description\":\"Ev\u00e9nement culinaire\",\"publisher\":{\"@id\":\"https:\/\/piqueniquedeschefs.fr\/#organization\"},\"potentialAction\":[{\"@type\":\"SearchAction\",\"target\":{\"@type\":\"EntryPoint\",\"urlTemplate\":\"https:\/\/piqueniquedeschefs.fr\/?s={search_term_string}\"},\"query-input\":{\"@type\":\"PropertyValueSpecification\",\"valueRequired\":true,\"valueName\":\"search_term_string\"}}],\"inLanguage\":\"fr-FR\"},{\"@type\":\"Organization\",\"@id\":\"https:\/\/piqueniquedeschefs.fr\/#organization\",\"name\":\"Grand Pique-Nique des Chefs\",\"url\":\"https:\/\/piqueniquedeschefs.fr\/\",\"logo\":{\"@type\":\"ImageObject\",\"inLanguage\":\"fr-FR\",\"@id\":\"https:\/\/piqueniquedeschefs.fr\/#\/schema\/logo\/image\/\",\"url\":\"https:\/\/piqueniquedeschefs.fr\/wp-content\/uploads\/2020\/02\/cropped-logo-gpnc-2020.jpg\",\"contentUrl\":\"https:\/\/piqueniquedeschefs.fr\/wp-content\/uploads\/2020\/02\/cropped-logo-gpnc-2020.jpg\",\"width\":218,\"height\":136,\"caption\":\"Grand Pique-Nique des Chefs\"},\"image\":{\"@id\":\"https:\/\/piqueniquedeschefs.fr\/#\/schema\/logo\/image\/\"}}]}<\/script>\n<!-- \/ Yoast SEO plugin. -->","yoast_head_json":{"title":"L'\u00e9v\u00e9nement 2025 - Grand Pique-Nique des Chefs","robots":{"index":"index","follow":"follow","max-snippet":"max-snippet:-1","max-image-preview":"max-image-preview:large","max-video-preview":"max-video-preview:-1"},"canonical":"https:\/\/piqueniquedeschefs.fr\/index.php\/levenement-2025\/","og_locale":"fr_FR","og_type":"article","og_title":"L'\u00e9v\u00e9nement 2025 - Grand Pique-Nique des Chefs","og_description":"L\u2019\u00e9v\u00e9nement culinaire de l\u2019ann\u00e9e, sur l&rsquo;agglom\u00e9ration grenobloise Depuis 2018, le Grand Pique-Nique des Chefs s\u2019inscrit comme LE rendez-vous des passionn\u00e9s de la gastronomie en Is\u00e8re.&hellip;","og_url":"https:\/\/piqueniquedeschefs.fr\/index.php\/levenement-2025\/","og_site_name":"Grand Pique-Nique des Chefs","article_modified_time":"2026-01-30T14:57:20+00:00","og_image":[{"url":"http:\/\/piqueniquedeschefs.fr\/wp-content\/uploads\/2022\/07\/P1179359-1024x768.jpg","type":"","width":"","height":""}],"twitter_card":"summary_large_image","twitter_misc":{"Dur\u00e9e de lecture estim\u00e9e":"3 minutes"},"schema":{"@context":"https:\/\/schema.org","@graph":[{"@type":"WebPage","@id":"https:\/\/piqueniquedeschefs.fr\/index.php\/levenement-2025\/","url":"https:\/\/piqueniquedeschefs.fr\/index.php\/levenement-2025\/","name":"L'\u00e9v\u00e9nement 2025 - Grand Pique-Nique des Chefs","isPartOf":{"@id":"https:\/\/piqueniquedeschefs.fr\/#website"},"primaryImageOfPage":{"@id":"https:\/\/piqueniquedeschefs.fr\/index.php\/levenement-2025\/#primaryimage"},"image":{"@id":"https:\/\/piqueniquedeschefs.fr\/index.php\/levenement-2025\/#primaryimage"},"thumbnailUrl":"http:\/\/piqueniquedeschefs.fr\/wp-content\/uploads\/2022\/07\/P1179359-1024x768.jpg","datePublished":"2025-05-07T14:04:18+00:00","dateModified":"2026-01-30T14:57:20+00:00","breadcrumb":{"@id":"https:\/\/piqueniquedeschefs.fr\/index.php\/levenement-2025\/#breadcrumb"},"inLanguage":"fr-FR","potentialAction":[{"@type":"ReadAction","target":["https:\/\/piqueniquedeschefs.fr\/index.php\/levenement-2025\/"]}]},{"@type":"ImageObject","inLanguage":"fr-FR","@id":"https:\/\/piqueniquedeschefs.fr\/index.php\/levenement-2025\/#primaryimage","url":"https:\/\/piqueniquedeschefs.fr\/wp-content\/uploads\/2022\/07\/P1179359.jpg","contentUrl":"https:\/\/piqueniquedeschefs.fr\/wp-content\/uploads\/2022\/07\/P1179359.jpg","width":2048,"height":1536},{"@type":"BreadcrumbList","@id":"https:\/\/piqueniquedeschefs.fr\/index.php\/levenement-2025\/#breadcrumb","itemListElement":[{"@type":"ListItem","position":1,"name":"Accueil","item":"https:\/\/piqueniquedeschefs.fr\/"},{"@type":"ListItem","position":2,"name":"L&rsquo;\u00e9v\u00e9nement 2025"}]},{"@type":"WebSite","@id":"https:\/\/piqueniquedeschefs.fr\/#website","url":"https:\/\/piqueniquedeschefs.fr\/","name":"Grand Pique-Nique des Chefs","description":"Ev\u00e9nement culinaire","publisher":{"@id":"https:\/\/piqueniquedeschefs.fr\/#organization"},"potentialAction":[{"@type":"SearchAction","target":{"@type":"EntryPoint","urlTemplate":"https:\/\/piqueniquedeschefs.fr\/?s={search_term_string}"},"query-input":{"@type":"PropertyValueSpecification","valueRequired":true,"valueName":"search_term_string"}}],"inLanguage":"fr-FR"},{"@type":"Organization","@id":"https:\/\/piqueniquedeschefs.fr\/#organization","name":"Grand Pique-Nique des Chefs","url":"https:\/\/piqueniquedeschefs.fr\/","logo":{"@type":"ImageObject","inLanguage":"fr-FR","@id":"https:\/\/piqueniquedeschefs.fr\/#\/schema\/logo\/image\/","url":"https:\/\/piqueniquedeschefs.fr\/wp-content\/uploads\/2020\/02\/cropped-logo-gpnc-2020.jpg","contentUrl":"https:\/\/piqueniquedeschefs.fr\/wp-content\/uploads\/2020\/02\/cropped-logo-gpnc-2020.jpg","width":218,"height":136,"caption":"Grand Pique-Nique des Chefs"},"image":{"@id":"https:\/\/piqueniquedeschefs.fr\/#\/schema\/logo\/image\/"}}]}},"_links":{"self":[{"href":"https:\/\/piqueniquedeschefs.fr\/index.php\/wp-json\/wp\/v2\/pages\/3755","targetHints":{"allow":["GET"]}}],"collection":[{"href":"https:\/\/piqueniquedeschefs.fr\/index.php\/wp-json\/wp\/v2\/pages"}],"about":[{"href":"https:\/\/piqueniquedeschefs.fr\/index.php\/wp-json\/wp\/v2\/types\/page"}],"author":[{"embeddable":true,"href":"https:\/\/piqueniquedeschefs.fr\/index.php\/wp-json\/wp\/v2\/users\/1"}],"replies":[{"embeddable":true,"href":"https:\/\/piqueniquedeschefs.fr\/index.php\/wp-json\/wp\/v2\/comments?post=3755"}],"version-history":[{"count":15,"href":"https:\/\/piqueniquedeschefs.fr\/index.php\/wp-json\/wp\/v2\/pages\/3755\/revisions"}],"predecessor-version":[{"id":4156,"href":"https:\/\/piqueniquedeschefs.fr\/index.php\/wp-json\/wp\/v2\/pages\/3755\/revisions\/4156"}],"wp:attachment":[{"href":"https:\/\/piqueniquedeschefs.fr\/index.php\/wp-json\/wp\/v2\/media?parent=3755"}],"curies":[{"name":"wp","href":"https:\/\/api.w.org\/{rel}","templated":true}]}}