{"id":4214,"date":"2026-05-11T15:59:38","date_gmt":"2026-05-11T13:59:38","guid":{"rendered":"https:\/\/piqueniquedeschefs.fr\/?page_id=4214"},"modified":"2026-05-12T10:06:37","modified_gmt":"2026-05-12T08:06:37","slug":"grand-pique-nique-des-chefs-2026","status":"publish","type":"page","link":"https:\/\/piqueniquedeschefs.fr\/","title":{"rendered":"Grand Pique-Nique des Chefs 2026"},"content":{"rendered":"\n<figure class=\"wp-block-image alignfull size-full\"><img loading=\"lazy\" decoding=\"async\" width=\"2560\" height=\"948\" src=\"https:\/\/piqueniquedeschefs.fr\/wp-content\/uploads\/2026\/04\/Banniere-avec-date-gpnc-2026--scaled.png\" alt=\"Banni\u00e8re-avec-date-gpnc-2026\" class=\"wp-image-4217\" srcset=\"https:\/\/piqueniquedeschefs.fr\/wp-content\/uploads\/2026\/04\/Banniere-avec-date-gpnc-2026--scaled.png 2560w, https:\/\/piqueniquedeschefs.fr\/wp-content\/uploads\/2026\/04\/Banniere-avec-date-gpnc-2026--300x111.png 300w, https:\/\/piqueniquedeschefs.fr\/wp-content\/uploads\/2026\/04\/Banniere-avec-date-gpnc-2026--1024x379.png 1024w, https:\/\/piqueniquedeschefs.fr\/wp-content\/uploads\/2026\/04\/Banniere-avec-date-gpnc-2026--768x284.png 768w, https:\/\/piqueniquedeschefs.fr\/wp-content\/uploads\/2026\/04\/Banniere-avec-date-gpnc-2026--1536x569.png 1536w, https:\/\/piqueniquedeschefs.fr\/wp-content\/uploads\/2026\/04\/Banniere-avec-date-gpnc-2026--2048x758.png 2048w\" sizes=\"auto, (max-width: 2560px) 100vw, 2560px\" \/><\/figure>\n\n\n\n<figure class=\"wp-block-video alignfull\"><video height=\"1080\" style=\"aspect-ratio: 1920 \/ 1080;\" width=\"1920\" autoplay controls src=\"https:\/\/piqueniquedeschefs.fr\/wp-content\/uploads\/2022\/07\/aftermovie-GPNC-2022-VF-copie.mov\" playsinline><\/video><\/figure>\n\n\n\n<p><\/p>\n\n\n\n<div class=\"wp-block-buttons is-layout-flex wp-block-buttons-is-layout-flex\">\n<div class=\"wp-block-button aligncenter\"><a class=\"wp-block-button__link wp-element-button\" href=\"https:\/\/piqueniquedeschefs.fr\/index.php\/levenement-2026\/\">D\u00e9couvrir l&rsquo;\u00e9v\u00e9nement<\/a><\/div>\n<\/div>\n\n\n\n<div style=\"height:61px\" aria-hidden=\"true\" class=\"wp-block-spacer\"><\/div>\n\n\n\n<h2 class=\"wp-block-heading has-text-align-center\"><strong>On vous attend nombreux !&nbsp;<\/strong><\/h2>\n\n\n\n<div style=\"height:20px\" aria-hidden=\"true\" class=\"wp-block-spacer\"><\/div>\n\n\n\n<p class=\"has-text-align-center\"><a rel=\"noreferrer noopener\" href=\"https:\/\/www.facebook.com\/piqueniquedeschefs\" target=\"_blank\"><img loading=\"lazy\" decoding=\"async\" width=\"50\" height=\"50\" class=\"wp-image-468\" style=\"width: 50px;\" src=\"https:\/\/piqueniquedeschefs.fr\/wp-content\/uploads\/2021\/05\/facebook-logo.jpg\" alt=\"\"><\/a>         <a rel=\"noreferrer noopener\" href=\"https:\/\/www.instagram.com\/piqueniquedeschefs\/\" target=\"_blank\"><img loading=\"lazy\" decoding=\"async\" width=\"50\" height=\"50\" class=\"wp-image-469\" style=\"width: 50px;\" src=\"https:\/\/piqueniquedeschefs.fr\/wp-content\/uploads\/2021\/05\/insta-logo.jpg\" alt=\"\"><\/a><\/p>\n","protected":false},"excerpt":{"rendered":"<p>On vous attend nombreux !&nbsp;<\/p>\n","protected":false},"author":5,"featured_media":3683,"parent":0,"menu_order":0,"comment_status":"closed","ping_status":"open","template":"","meta":{"footnotes":""},"class_list":["post-4214","page","type-page","status-publish","has-post-thumbnail","hentry"],"yoast_head":"<!-- This site is optimized with the Yoast SEO plugin v26.7 - https:\/\/yoast.com\/wordpress\/plugins\/seo\/ -->\n<title>Grand Pique-Nique des Chefs 2026 Grand Pique-Nique des Chefs<\/title>\n<meta name=\"description\" content=\"Grand pique-nique des chefs : l\u2019\u00e9v\u00e9nement culinaire de l&#039;ann\u00e9e sur l&#039;agglom\u00e9ration grenobloise. Convivialit\u00e9, gourmandise, partage.\" \/>\n<meta name=\"robots\" content=\"index, follow, max-snippet:-1, max-image-preview:large, max-video-preview:-1\" \/>\n<link rel=\"canonical\" href=\"https:\/\/piqueniquedeschefs.fr\/\" \/>\n<meta property=\"og:locale\" content=\"fr_FR\" \/>\n<meta property=\"og:type\" content=\"article\" \/>\n<meta property=\"og:title\" content=\"Grand pique-nique des chefs\" \/>\n<meta property=\"og:description\" content=\"Grand pique-nique des chefs : l\u2019\u00e9v\u00e9nement culinaire de l&#039;ann\u00e9e sur l&#039;agglom\u00e9ration grenobloise. Convivialit\u00e9, gourmandise, partage.\" \/>\n<meta property=\"og:url\" content=\"https:\/\/piqueniquedeschefs.fr\/\" \/>\n<meta property=\"og:site_name\" content=\"Grand Pique-Nique des Chefs\" \/>\n<meta property=\"article:modified_time\" content=\"2026-05-12T08:06:37+00:00\" \/>\n<meta property=\"og:image\" content=\"https:\/\/piqueniquedeschefs.fr\/wp-content\/uploads\/2021\/05\/Post-GPNC-2021-web.jpg\" \/>\n\t<meta property=\"og:image:width\" content=\"1000\" \/>\n\t<meta property=\"og:image:height\" content=\"1000\" \/>\n\t<meta property=\"og:image:type\" content=\"image\/jpeg\" \/>\n<meta name=\"twitter:card\" content=\"summary_large_image\" \/>\n<meta name=\"twitter:title\" content=\"Grand pique-nique des chefs\" \/>\n<meta name=\"twitter:description\" content=\"Grand pique-nique des chefs : l\u2019\u00e9v\u00e9nement culinaire de l&#039;ann\u00e9e sur l&#039;agglom\u00e9ration grenobloise. Convivialit\u00e9, gourmandise, partage.\" \/>\n<meta name=\"twitter:image\" content=\"https:\/\/piqueniquedeschefs.fr\/wp-content\/uploads\/2021\/05\/Post-GPNC-2021-web.jpg\" \/>\n<meta name=\"twitter:label1\" content=\"Dur\u00e9e de lecture estim\u00e9e\" \/>\n\t<meta name=\"twitter:data1\" content=\"1 minute\" \/>\n<script type=\"application\/ld+json\" class=\"yoast-schema-graph\">{\"@context\":\"https:\/\/schema.org\",\"@graph\":[{\"@type\":\"WebPage\",\"@id\":\"https:\/\/piqueniquedeschefs.fr\/\",\"url\":\"https:\/\/piqueniquedeschefs.fr\/\",\"name\":\"Grand Pique-Nique des Chefs 2026 Grand Pique-Nique des Chefs\",\"isPartOf\":{\"@id\":\"https:\/\/piqueniquedeschefs.fr\/#website\"},\"primaryImageOfPage\":{\"@id\":\"https:\/\/piqueniquedeschefs.fr\/#primaryimage\"},\"image\":{\"@id\":\"https:\/\/piqueniquedeschefs.fr\/#primaryimage\"},\"thumbnailUrl\":\"https:\/\/piqueniquedeschefs.fr\/wp-content\/uploads\/2025\/03\/Logo-GPNC.png\",\"datePublished\":\"2026-05-11T13:59:38+00:00\",\"dateModified\":\"2026-05-12T08:06:37+00:00\",\"description\":\"Grand pique-nique des chefs : l\u2019\u00e9v\u00e9nement culinaire de l'ann\u00e9e sur l'agglom\u00e9ration grenobloise. Convivialit\u00e9, gourmandise, partage.\",\"breadcrumb\":{\"@id\":\"https:\/\/piqueniquedeschefs.fr\/#breadcrumb\"},\"inLanguage\":\"fr-FR\",\"potentialAction\":[{\"@type\":\"ReadAction\",\"target\":[\"https:\/\/piqueniquedeschefs.fr\/\"]}]},{\"@type\":\"ImageObject\",\"inLanguage\":\"fr-FR\",\"@id\":\"https:\/\/piqueniquedeschefs.fr\/#primaryimage\",\"url\":\"https:\/\/piqueniquedeschefs.fr\/wp-content\/uploads\/2025\/03\/Logo-GPNC.png\",\"contentUrl\":\"https:\/\/piqueniquedeschefs.fr\/wp-content\/uploads\/2025\/03\/Logo-GPNC.png\",\"width\":500,\"height\":500},{\"@type\":\"BreadcrumbList\",\"@id\":\"https:\/\/piqueniquedeschefs.fr\/#breadcrumb\",\"itemListElement\":[{\"@type\":\"ListItem\",\"position\":1,\"name\":\"Accueil\",\"item\":\"https:\/\/piqueniquedeschefs.fr\/\"},{\"@type\":\"ListItem\",\"position\":2,\"name\":\"Grand Pique-Nique des Chefs 2026\"}]},{\"@type\":\"WebSite\",\"@id\":\"https:\/\/piqueniquedeschefs.fr\/#website\",\"url\":\"https:\/\/piqueniquedeschefs.fr\/\",\"name\":\"Grand Pique-Nique des Chefs\",\"description\":\"Ev\u00e9nement culinaire\",\"publisher\":{\"@id\":\"https:\/\/piqueniquedeschefs.fr\/#organization\"},\"potentialAction\":[{\"@type\":\"SearchAction\",\"target\":{\"@type\":\"EntryPoint\",\"urlTemplate\":\"https:\/\/piqueniquedeschefs.fr\/?s={search_term_string}\"},\"query-input\":{\"@type\":\"PropertyValueSpecification\",\"valueRequired\":true,\"valueName\":\"search_term_string\"}}],\"inLanguage\":\"fr-FR\"},{\"@type\":\"Organization\",\"@id\":\"https:\/\/piqueniquedeschefs.fr\/#organization\",\"name\":\"Grand Pique-Nique des Chefs\",\"url\":\"https:\/\/piqueniquedeschefs.fr\/\",\"logo\":{\"@type\":\"ImageObject\",\"inLanguage\":\"fr-FR\",\"@id\":\"https:\/\/piqueniquedeschefs.fr\/#\/schema\/logo\/image\/\",\"url\":\"https:\/\/piqueniquedeschefs.fr\/wp-content\/uploads\/2020\/02\/cropped-logo-gpnc-2020.jpg\",\"contentUrl\":\"https:\/\/piqueniquedeschefs.fr\/wp-content\/uploads\/2020\/02\/cropped-logo-gpnc-2020.jpg\",\"width\":218,\"height\":136,\"caption\":\"Grand Pique-Nique des Chefs\"},\"image\":{\"@id\":\"https:\/\/piqueniquedeschefs.fr\/#\/schema\/logo\/image\/\"}}]}<\/script>\n<!-- \/ Yoast SEO plugin. -->","yoast_head_json":{"title":"Grand Pique-Nique des Chefs 2026 Grand Pique-Nique des Chefs","description":"Grand pique-nique des chefs : l\u2019\u00e9v\u00e9nement culinaire de l'ann\u00e9e sur l'agglom\u00e9ration grenobloise. Convivialit\u00e9, gourmandise, partage.","robots":{"index":"index","follow":"follow","max-snippet":"max-snippet:-1","max-image-preview":"max-image-preview:large","max-video-preview":"max-video-preview:-1"},"canonical":"https:\/\/piqueniquedeschefs.fr\/","og_locale":"fr_FR","og_type":"article","og_title":"Grand pique-nique des chefs","og_description":"Grand pique-nique des chefs : l\u2019\u00e9v\u00e9nement culinaire de l'ann\u00e9e sur l'agglom\u00e9ration grenobloise. Convivialit\u00e9, gourmandise, partage.","og_url":"https:\/\/piqueniquedeschefs.fr\/","og_site_name":"Grand Pique-Nique des Chefs","article_modified_time":"2026-05-12T08:06:37+00:00","og_image":[{"width":1000,"height":1000,"url":"https:\/\/piqueniquedeschefs.fr\/wp-content\/uploads\/2021\/05\/Post-GPNC-2021-web.jpg","type":"image\/jpeg"}],"twitter_card":"summary_large_image","twitter_title":"Grand pique-nique des chefs","twitter_description":"Grand pique-nique des chefs : l\u2019\u00e9v\u00e9nement culinaire de l'ann\u00e9e sur l'agglom\u00e9ration grenobloise. Convivialit\u00e9, gourmandise, partage.","twitter_image":"https:\/\/piqueniquedeschefs.fr\/wp-content\/uploads\/2021\/05\/Post-GPNC-2021-web.jpg","twitter_misc":{"Dur\u00e9e de lecture estim\u00e9e":"1 minute"},"schema":{"@context":"https:\/\/schema.org","@graph":[{"@type":"WebPage","@id":"https:\/\/piqueniquedeschefs.fr\/","url":"https:\/\/piqueniquedeschefs.fr\/","name":"Grand Pique-Nique des Chefs 2026 Grand Pique-Nique des Chefs","isPartOf":{"@id":"https:\/\/piqueniquedeschefs.fr\/#website"},"primaryImageOfPage":{"@id":"https:\/\/piqueniquedeschefs.fr\/#primaryimage"},"image":{"@id":"https:\/\/piqueniquedeschefs.fr\/#primaryimage"},"thumbnailUrl":"https:\/\/piqueniquedeschefs.fr\/wp-content\/uploads\/2025\/03\/Logo-GPNC.png","datePublished":"2026-05-11T13:59:38+00:00","dateModified":"2026-05-12T08:06:37+00:00","description":"Grand pique-nique des chefs : l\u2019\u00e9v\u00e9nement culinaire de l'ann\u00e9e sur l'agglom\u00e9ration grenobloise. Convivialit\u00e9, gourmandise, partage.","breadcrumb":{"@id":"https:\/\/piqueniquedeschefs.fr\/#breadcrumb"},"inLanguage":"fr-FR","potentialAction":[{"@type":"ReadAction","target":["https:\/\/piqueniquedeschefs.fr\/"]}]},{"@type":"ImageObject","inLanguage":"fr-FR","@id":"https:\/\/piqueniquedeschefs.fr\/#primaryimage","url":"https:\/\/piqueniquedeschefs.fr\/wp-content\/uploads\/2025\/03\/Logo-GPNC.png","contentUrl":"https:\/\/piqueniquedeschefs.fr\/wp-content\/uploads\/2025\/03\/Logo-GPNC.png","width":500,"height":500},{"@type":"BreadcrumbList","@id":"https:\/\/piqueniquedeschefs.fr\/#breadcrumb","itemListElement":[{"@type":"ListItem","position":1,"name":"Accueil","item":"https:\/\/piqueniquedeschefs.fr\/"},{"@type":"ListItem","position":2,"name":"Grand Pique-Nique des Chefs 2026"}]},{"@type":"WebSite","@id":"https:\/\/piqueniquedeschefs.fr\/#website","url":"https:\/\/piqueniquedeschefs.fr\/","name":"Grand Pique-Nique des Chefs","description":"Ev\u00e9nement culinaire","publisher":{"@id":"https:\/\/piqueniquedeschefs.fr\/#organization"},"potentialAction":[{"@type":"SearchAction","target":{"@type":"EntryPoint","urlTemplate":"https:\/\/piqueniquedeschefs.fr\/?s={search_term_string}"},"query-input":{"@type":"PropertyValueSpecification","valueRequired":true,"valueName":"search_term_string"}}],"inLanguage":"fr-FR"},{"@type":"Organization","@id":"https:\/\/piqueniquedeschefs.fr\/#organization","name":"Grand Pique-Nique des Chefs","url":"https:\/\/piqueniquedeschefs.fr\/","logo":{"@type":"ImageObject","inLanguage":"fr-FR","@id":"https:\/\/piqueniquedeschefs.fr\/#\/schema\/logo\/image\/","url":"https:\/\/piqueniquedeschefs.fr\/wp-content\/uploads\/2020\/02\/cropped-logo-gpnc-2020.jpg","contentUrl":"https:\/\/piqueniquedeschefs.fr\/wp-content\/uploads\/2020\/02\/cropped-logo-gpnc-2020.jpg","width":218,"height":136,"caption":"Grand Pique-Nique des Chefs"},"image":{"@id":"https:\/\/piqueniquedeschefs.fr\/#\/schema\/logo\/image\/"}}]}},"_links":{"self":[{"href":"https:\/\/piqueniquedeschefs.fr\/index.php\/wp-json\/wp\/v2\/pages\/4214","targetHints":{"allow":["GET"]}}],"collection":[{"href":"https:\/\/piqueniquedeschefs.fr\/index.php\/wp-json\/wp\/v2\/pages"}],"about":[{"href":"https:\/\/piqueniquedeschefs.fr\/index.php\/wp-json\/wp\/v2\/types\/page"}],"author":[{"embeddable":true,"href":"https:\/\/piqueniquedeschefs.fr\/index.php\/wp-json\/wp\/v2\/users\/5"}],"replies":[{"embeddable":true,"href":"https:\/\/piqueniquedeschefs.fr\/index.php\/wp-json\/wp\/v2\/comments?post=4214"}],"version-history":[{"count":6,"href":"https:\/\/piqueniquedeschefs.fr\/index.php\/wp-json\/wp\/v2\/pages\/4214\/revisions"}],"predecessor-version":[{"id":4482,"href":"https:\/\/piqueniquedeschefs.fr\/index.php\/wp-json\/wp\/v2\/pages\/4214\/revisions\/4482"}],"wp:featuredmedia":[{"embeddable":true,"href":"https:\/\/piqueniquedeschefs.fr\/index.php\/wp-json\/wp\/v2\/media\/3683"}],"wp:attachment":[{"href":"https:\/\/piqueniquedeschefs.fr\/index.php\/wp-json\/wp\/v2\/media?parent=4214"}],"curies":[{"name":"wp","href":"https:\/\/api.w.org\/{rel}","templated":true}]}}