{"id":4223,"date":"2026-05-11T16:00:46","date_gmt":"2026-05-11T14:00:46","guid":{"rendered":"https:\/\/piqueniquedeschefs.fr\/?page_id=4223"},"modified":"2026-05-12T13:49:45","modified_gmt":"2026-05-12T11:49:45","slug":"lambiance-estivale-2026","status":"publish","type":"page","link":"https:\/\/piqueniquedeschefs.fr\/index.php\/lambiance-estivale-2026\/","title":{"rendered":"L&rsquo;ambiance estivale 2026"},"content":{"rendered":"\n<h2 class=\"wp-block-heading\">\ud83c\udf38 Des jeux et animations pour tous !<\/h2>\n\n\n\n<div style=\"height:10px\" aria-hidden=\"true\" class=\"wp-block-spacer\"><\/div>\n\n\n\n<h3 class=\"wp-block-heading\">Molkky, Ping Pong, Mascotte&#8230;<\/h3>\n\n\n\n<p>Des jeux estivaux sont mis \u00e0 la disposition du public tout au long de la journ\u00e9e.<br>Profitez-en entre amis ou en famille et venez \u00e0 notre encontre \u00e0 l&rsquo;accueil en \u00e9change de votre carte d&rsquo;identit\u00e9 !<\/p>\n\n\n\n<p>Et surtout, prenez la pause avec vos plats et notre incontournable mascotte Ratatouille !<\/p>\n\n\n\n<hr class=\"wp-block-separator has-text-color has-luminous-vivid-amber-color has-css-opacity has-luminous-vivid-amber-background-color has-background is-style-wide\"\/>\n\n\n\n<h2 class=\"wp-block-heading\">\ud83c\udfb6 Un concert au programme !<\/h2>\n\n\n\n<div style=\"height:35px\" aria-hidden=\"true\" class=\"wp-block-spacer\"><\/div>\n\n\n\n<h3 class=\"wp-block-heading\">Symphonie Alpestre &#8211; Richard Strauss<\/h3>\n\n\n\n<p>\u00c0 partir de 15h30, en plein coeur du Parc du Domaine de Vizille, la <strong>Musique de l\u2019Artillerie<\/strong> et la <strong>Musique des Troupes de Marine<\/strong> se r\u00e9uniront pour un concert d\u2019exception.<\/p>\n\n\n\n<p>Pr\u00e8s de 80 musiciens interpr\u00e9teront la spectaculaire&nbsp;<em>Symphonie alpestre<\/em>&nbsp;de Richard Strauss, une \u0153uvre immersive retra\u00e7ant une ascension en montagne, dans le cadre exceptionnel du Grand Pique-Nique des Chefs !<\/p>\n\n\n\n<p>Profitez de cet instant bucolique in\u00e9dit !<br><br><em>Repli au cin\u00e9ma Le Jeu de Paume en cas d\u2019intemp\u00e9ries<\/em><\/p>\n\n\n\n<hr class=\"wp-block-separator has-text-color has-luminous-vivid-amber-color has-css-opacity has-luminous-vivid-amber-background-color has-background is-style-wide\"\/>\n\n\n\n<h2 class=\"wp-block-heading\">\ud83c\udf7e Un challenge bouchons pour nos visiteurs<\/h2>\n\n\n\n<div style=\"height:20px\" aria-hidden=\"true\" class=\"wp-block-spacer\"><\/div>\n\n\n\n<p>Comme chaque ann\u00e9e \u00e0 l\u2019occasion du Grand Pique-Nique des Chefs, nous mettons en place <strong>une r\u00e9colte de bouchons<\/strong> au profit de l\u2019association France Cancer, une belle cause qui nous tient \u00e0 coeur.&nbsp;<\/p>\n\n\n\n<h3 class=\"wp-block-heading\">France Cancer, c&rsquo;est quoi ?<\/h3>\n\n\n\n<p>Une association qui, en r\u00e9coltant les bouchons, permet de financer la recherche contre le cancer : les bouchons sont transform\u00e9s en diff\u00e9rentes structures et revendus. Les fonds sont revers\u00e9s aux recherches du CNRS et de l\u2019INSERM.<\/p>\n\n\n\n<p><\/p>\n\n\n\n<h3 class=\"wp-block-heading\">L&rsquo;objectif de la journ\u00e9e ? <\/h3>\n\n\n\n<p>Remplir au maximum le contenant afin d\u2019atteindre les diff\u00e9rents traits de remplissage !<\/p>\n\n\n\n<p>Nous nous chargerons ensuite, de faire don de tous ces bouchons \u00e0 l\u2019association.<\/p>\n\n\n\n<p><\/p>\n\n\n\n<h3 class=\"wp-block-heading\">Comment aider ?<\/h3>\n\n\n\n<ul class=\"wp-block-list\">\n<li>Commencez d\u00e8s \u00e0 pr\u00e9sent \u00e0 conserver tous vos bouchons en li\u00e8ge et en synth\u00e9tique et parlez-en autour de vous pour en r\u00e9colter.&nbsp;<\/li>\n\n\n\n<li>Rendez-vous sur le Grand Pique-Nique des Chefs avec tous vos bouchons !<\/li>\n\n\n\n<li>D\u00e9posez vos bouchons au point de collecte.\u00a0<\/li>\n<\/ul>\n\n\n\n<p><strong>Mobilisez-vous avec nous ! 48 kg <\/strong>r\u00e9colt\u00e9s l&rsquo;an dernier : cette ann\u00e9e on bat le record ensemble !<\/p>\n\n\n\n<div class=\"wp-block-columns is-layout-flex wp-container-core-columns-is-layout-9d6595d7 wp-block-columns-is-layout-flex\">\n<div class=\"wp-block-column is-layout-flow wp-block-column-is-layout-flow\">\n<figure class=\"wp-block-image size-large\"><img loading=\"lazy\" decoding=\"async\" width=\"768\" height=\"1024\" src=\"https:\/\/piqueniquedeschefs.fr\/wp-content\/uploads\/2026\/05\/gpnc-recolte-bouchons-2-768x1024.jpg\" alt=\"\" class=\"wp-image-4601\" srcset=\"https:\/\/piqueniquedeschefs.fr\/wp-content\/uploads\/2026\/05\/gpnc-recolte-bouchons-2-768x1024.jpg 768w, https:\/\/piqueniquedeschefs.fr\/wp-content\/uploads\/2026\/05\/gpnc-recolte-bouchons-2-225x300.jpg 225w, https:\/\/piqueniquedeschefs.fr\/wp-content\/uploads\/2026\/05\/gpnc-recolte-bouchons-2-1152x1536.jpg 1152w, https:\/\/piqueniquedeschefs.fr\/wp-content\/uploads\/2026\/05\/gpnc-recolte-bouchons-2-1536x2048.jpg 1536w, https:\/\/piqueniquedeschefs.fr\/wp-content\/uploads\/2026\/05\/gpnc-recolte-bouchons-2-scaled.jpg 1920w\" sizes=\"auto, (max-width: 768px) 100vw, 768px\" \/><\/figure>\n<\/div>\n\n\n\n<div class=\"wp-block-column is-layout-flow wp-block-column-is-layout-flow\">\n<figure class=\"wp-block-image size-large\"><img loading=\"lazy\" decoding=\"async\" width=\"768\" height=\"1024\" src=\"https:\/\/piqueniquedeschefs.fr\/wp-content\/uploads\/2026\/01\/bouchons-france-cancer-768x1024.jpg\" alt=\"bouchons-france-cancer\" class=\"wp-image-4158\" srcset=\"https:\/\/piqueniquedeschefs.fr\/wp-content\/uploads\/2026\/01\/bouchons-france-cancer-768x1024.jpg 768w, https:\/\/piqueniquedeschefs.fr\/wp-content\/uploads\/2026\/01\/bouchons-france-cancer-225x300.jpg 225w, https:\/\/piqueniquedeschefs.fr\/wp-content\/uploads\/2026\/01\/bouchons-france-cancer-1152x1536.jpg 1152w, https:\/\/piqueniquedeschefs.fr\/wp-content\/uploads\/2026\/01\/bouchons-france-cancer-1536x2048.jpg 1536w, https:\/\/piqueniquedeschefs.fr\/wp-content\/uploads\/2026\/01\/bouchons-france-cancer-scaled.jpg 1920w\" sizes=\"auto, (max-width: 768px) 100vw, 768px\" \/><\/figure>\n<\/div>\n<\/div>\n\n\n\n<h2 class=\"wp-block-heading\"><strong>On vous attend nombreux !&nbsp;<\/strong><\/h2>\n\n\n\n<hr class=\"wp-block-separator has-text-color has-luminous-vivid-amber-color has-css-opacity has-luminous-vivid-amber-background-color has-background is-style-wide\"\/>\n","protected":false},"excerpt":{"rendered":"<p>\ud83c\udf38 Des jeux et animations pour tous ! Molkky, Ping Pong, Mascotte&#8230; Des jeux estivaux sont mis \u00e0 la disposition du public tout au long&hellip;<\/p>\n","protected":false},"author":5,"featured_media":0,"parent":0,"menu_order":0,"comment_status":"closed","ping_status":"closed","template":"","meta":{"footnotes":""},"class_list":["post-4223","page","type-page","status-publish","hentry"],"yoast_head":"<!-- This site is optimized with the Yoast SEO plugin v26.7 - https:\/\/yoast.com\/wordpress\/plugins\/seo\/ -->\n<title>L&#039;ambiance estivale 2026 - Grand Pique-Nique des Chefs<\/title>\n<meta name=\"robots\" content=\"index, follow, max-snippet:-1, max-image-preview:large, max-video-preview:-1\" \/>\n<link rel=\"canonical\" href=\"https:\/\/piqueniquedeschefs.fr\/index.php\/lambiance-estivale-2026\/\" \/>\n<meta property=\"og:locale\" content=\"fr_FR\" \/>\n<meta property=\"og:type\" content=\"article\" \/>\n<meta property=\"og:title\" content=\"L&#039;ambiance estivale 2026 - Grand Pique-Nique des Chefs\" \/>\n<meta property=\"og:description\" content=\"\ud83c\udf38 Des jeux et animations pour tous ! Molkky, Ping Pong, Mascotte&#8230; Des jeux estivaux sont mis \u00e0 la disposition du public tout au long&hellip;\" \/>\n<meta property=\"og:url\" content=\"https:\/\/piqueniquedeschefs.fr\/index.php\/lambiance-estivale-2026\/\" \/>\n<meta property=\"og:site_name\" content=\"Grand Pique-Nique des Chefs\" \/>\n<meta property=\"article:modified_time\" content=\"2026-05-12T11:49:45+00:00\" \/>\n<meta name=\"twitter:card\" content=\"summary_large_image\" \/>\n<meta name=\"twitter:label1\" content=\"Dur\u00e9e de lecture estim\u00e9e\" \/>\n\t<meta name=\"twitter:data1\" content=\"2 minutes\" \/>\n<script type=\"application\/ld+json\" class=\"yoast-schema-graph\">{\"@context\":\"https:\/\/schema.org\",\"@graph\":[{\"@type\":\"WebPage\",\"@id\":\"https:\/\/piqueniquedeschefs.fr\/index.php\/lambiance-estivale-2026\/\",\"url\":\"https:\/\/piqueniquedeschefs.fr\/index.php\/lambiance-estivale-2026\/\",\"name\":\"L'ambiance estivale 2026 - Grand Pique-Nique des Chefs\",\"isPartOf\":{\"@id\":\"https:\/\/piqueniquedeschefs.fr\/#website\"},\"primaryImageOfPage\":{\"@id\":\"https:\/\/piqueniquedeschefs.fr\/index.php\/lambiance-estivale-2026\/#primaryimage\"},\"image\":{\"@id\":\"https:\/\/piqueniquedeschefs.fr\/index.php\/lambiance-estivale-2026\/#primaryimage\"},\"thumbnailUrl\":\"https:\/\/piqueniquedeschefs.fr\/wp-content\/uploads\/2026\/05\/gpnc-recolte-bouchons-2-768x1024.jpg\",\"datePublished\":\"2026-05-11T14:00:46+00:00\",\"dateModified\":\"2026-05-12T11:49:45+00:00\",\"breadcrumb\":{\"@id\":\"https:\/\/piqueniquedeschefs.fr\/index.php\/lambiance-estivale-2026\/#breadcrumb\"},\"inLanguage\":\"fr-FR\",\"potentialAction\":[{\"@type\":\"ReadAction\",\"target\":[\"https:\/\/piqueniquedeschefs.fr\/index.php\/lambiance-estivale-2026\/\"]}]},{\"@type\":\"ImageObject\",\"inLanguage\":\"fr-FR\",\"@id\":\"https:\/\/piqueniquedeschefs.fr\/index.php\/lambiance-estivale-2026\/#primaryimage\",\"url\":\"https:\/\/piqueniquedeschefs.fr\/wp-content\/uploads\/2026\/05\/gpnc-recolte-bouchons-2-scaled.jpg\",\"contentUrl\":\"https:\/\/piqueniquedeschefs.fr\/wp-content\/uploads\/2026\/05\/gpnc-recolte-bouchons-2-scaled.jpg\",\"width\":1920,\"height\":2560},{\"@type\":\"BreadcrumbList\",\"@id\":\"https:\/\/piqueniquedeschefs.fr\/index.php\/lambiance-estivale-2026\/#breadcrumb\",\"itemListElement\":[{\"@type\":\"ListItem\",\"position\":1,\"name\":\"Accueil\",\"item\":\"https:\/\/piqueniquedeschefs.fr\/\"},{\"@type\":\"ListItem\",\"position\":2,\"name\":\"L&rsquo;ambiance estivale 2026\"}]},{\"@type\":\"WebSite\",\"@id\":\"https:\/\/piqueniquedeschefs.fr\/#website\",\"url\":\"https:\/\/piqueniquedeschefs.fr\/\",\"name\":\"Grand Pique-Nique des Chefs\",\"description\":\"Ev\u00e9nement culinaire\",\"publisher\":{\"@id\":\"https:\/\/piqueniquedeschefs.fr\/#organization\"},\"potentialAction\":[{\"@type\":\"SearchAction\",\"target\":{\"@type\":\"EntryPoint\",\"urlTemplate\":\"https:\/\/piqueniquedeschefs.fr\/?s={search_term_string}\"},\"query-input\":{\"@type\":\"PropertyValueSpecification\",\"valueRequired\":true,\"valueName\":\"search_term_string\"}}],\"inLanguage\":\"fr-FR\"},{\"@type\":\"Organization\",\"@id\":\"https:\/\/piqueniquedeschefs.fr\/#organization\",\"name\":\"Grand Pique-Nique des Chefs\",\"url\":\"https:\/\/piqueniquedeschefs.fr\/\",\"logo\":{\"@type\":\"ImageObject\",\"inLanguage\":\"fr-FR\",\"@id\":\"https:\/\/piqueniquedeschefs.fr\/#\/schema\/logo\/image\/\",\"url\":\"https:\/\/piqueniquedeschefs.fr\/wp-content\/uploads\/2020\/02\/cropped-logo-gpnc-2020.jpg\",\"contentUrl\":\"https:\/\/piqueniquedeschefs.fr\/wp-content\/uploads\/2020\/02\/cropped-logo-gpnc-2020.jpg\",\"width\":218,\"height\":136,\"caption\":\"Grand Pique-Nique des Chefs\"},\"image\":{\"@id\":\"https:\/\/piqueniquedeschefs.fr\/#\/schema\/logo\/image\/\"}}]}<\/script>\n<!-- \/ Yoast SEO plugin. -->","yoast_head_json":{"title":"L'ambiance estivale 2026 - Grand Pique-Nique des Chefs","robots":{"index":"index","follow":"follow","max-snippet":"max-snippet:-1","max-image-preview":"max-image-preview:large","max-video-preview":"max-video-preview:-1"},"canonical":"https:\/\/piqueniquedeschefs.fr\/index.php\/lambiance-estivale-2026\/","og_locale":"fr_FR","og_type":"article","og_title":"L'ambiance estivale 2026 - Grand Pique-Nique des Chefs","og_description":"\ud83c\udf38 Des jeux et animations pour tous ! Molkky, Ping Pong, Mascotte&#8230; Des jeux estivaux sont mis \u00e0 la disposition du public tout au long&hellip;","og_url":"https:\/\/piqueniquedeschefs.fr\/index.php\/lambiance-estivale-2026\/","og_site_name":"Grand Pique-Nique des Chefs","article_modified_time":"2026-05-12T11:49:45+00:00","twitter_card":"summary_large_image","twitter_misc":{"Dur\u00e9e de lecture estim\u00e9e":"2 minutes"},"schema":{"@context":"https:\/\/schema.org","@graph":[{"@type":"WebPage","@id":"https:\/\/piqueniquedeschefs.fr\/index.php\/lambiance-estivale-2026\/","url":"https:\/\/piqueniquedeschefs.fr\/index.php\/lambiance-estivale-2026\/","name":"L'ambiance estivale 2026 - Grand Pique-Nique des Chefs","isPartOf":{"@id":"https:\/\/piqueniquedeschefs.fr\/#website"},"primaryImageOfPage":{"@id":"https:\/\/piqueniquedeschefs.fr\/index.php\/lambiance-estivale-2026\/#primaryimage"},"image":{"@id":"https:\/\/piqueniquedeschefs.fr\/index.php\/lambiance-estivale-2026\/#primaryimage"},"thumbnailUrl":"https:\/\/piqueniquedeschefs.fr\/wp-content\/uploads\/2026\/05\/gpnc-recolte-bouchons-2-768x1024.jpg","datePublished":"2026-05-11T14:00:46+00:00","dateModified":"2026-05-12T11:49:45+00:00","breadcrumb":{"@id":"https:\/\/piqueniquedeschefs.fr\/index.php\/lambiance-estivale-2026\/#breadcrumb"},"inLanguage":"fr-FR","potentialAction":[{"@type":"ReadAction","target":["https:\/\/piqueniquedeschefs.fr\/index.php\/lambiance-estivale-2026\/"]}]},{"@type":"ImageObject","inLanguage":"fr-FR","@id":"https:\/\/piqueniquedeschefs.fr\/index.php\/lambiance-estivale-2026\/#primaryimage","url":"https:\/\/piqueniquedeschefs.fr\/wp-content\/uploads\/2026\/05\/gpnc-recolte-bouchons-2-scaled.jpg","contentUrl":"https:\/\/piqueniquedeschefs.fr\/wp-content\/uploads\/2026\/05\/gpnc-recolte-bouchons-2-scaled.jpg","width":1920,"height":2560},{"@type":"BreadcrumbList","@id":"https:\/\/piqueniquedeschefs.fr\/index.php\/lambiance-estivale-2026\/#breadcrumb","itemListElement":[{"@type":"ListItem","position":1,"name":"Accueil","item":"https:\/\/piqueniquedeschefs.fr\/"},{"@type":"ListItem","position":2,"name":"L&rsquo;ambiance estivale 2026"}]},{"@type":"WebSite","@id":"https:\/\/piqueniquedeschefs.fr\/#website","url":"https:\/\/piqueniquedeschefs.fr\/","name":"Grand Pique-Nique des Chefs","description":"Ev\u00e9nement culinaire","publisher":{"@id":"https:\/\/piqueniquedeschefs.fr\/#organization"},"potentialAction":[{"@type":"SearchAction","target":{"@type":"EntryPoint","urlTemplate":"https:\/\/piqueniquedeschefs.fr\/?s={search_term_string}"},"query-input":{"@type":"PropertyValueSpecification","valueRequired":true,"valueName":"search_term_string"}}],"inLanguage":"fr-FR"},{"@type":"Organization","@id":"https:\/\/piqueniquedeschefs.fr\/#organization","name":"Grand Pique-Nique des Chefs","url":"https:\/\/piqueniquedeschefs.fr\/","logo":{"@type":"ImageObject","inLanguage":"fr-FR","@id":"https:\/\/piqueniquedeschefs.fr\/#\/schema\/logo\/image\/","url":"https:\/\/piqueniquedeschefs.fr\/wp-content\/uploads\/2020\/02\/cropped-logo-gpnc-2020.jpg","contentUrl":"https:\/\/piqueniquedeschefs.fr\/wp-content\/uploads\/2020\/02\/cropped-logo-gpnc-2020.jpg","width":218,"height":136,"caption":"Grand Pique-Nique des Chefs"},"image":{"@id":"https:\/\/piqueniquedeschefs.fr\/#\/schema\/logo\/image\/"}}]}},"_links":{"self":[{"href":"https:\/\/piqueniquedeschefs.fr\/index.php\/wp-json\/wp\/v2\/pages\/4223","targetHints":{"allow":["GET"]}}],"collection":[{"href":"https:\/\/piqueniquedeschefs.fr\/index.php\/wp-json\/wp\/v2\/pages"}],"about":[{"href":"https:\/\/piqueniquedeschefs.fr\/index.php\/wp-json\/wp\/v2\/types\/page"}],"author":[{"embeddable":true,"href":"https:\/\/piqueniquedeschefs.fr\/index.php\/wp-json\/wp\/v2\/users\/5"}],"replies":[{"embeddable":true,"href":"https:\/\/piqueniquedeschefs.fr\/index.php\/wp-json\/wp\/v2\/comments?post=4223"}],"version-history":[{"count":31,"href":"https:\/\/piqueniquedeschefs.fr\/index.php\/wp-json\/wp\/v2\/pages\/4223\/revisions"}],"predecessor-version":[{"id":4610,"href":"https:\/\/piqueniquedeschefs.fr\/index.php\/wp-json\/wp\/v2\/pages\/4223\/revisions\/4610"}],"wp:attachment":[{"href":"https:\/\/piqueniquedeschefs.fr\/index.php\/wp-json\/wp\/v2\/media?parent=4223"}],"curies":[{"name":"wp","href":"https:\/\/api.w.org\/{rel}","templated":true}]}}