{"id":4230,"date":"2026-05-11T16:03:03","date_gmt":"2026-05-11T14:03:03","guid":{"rendered":"https:\/\/piqueniquedeschefs.fr\/?page_id=4230"},"modified":"2026-05-12T13:17:32","modified_gmt":"2026-05-12T11:17:32","slug":"partenaires-2026","status":"publish","type":"page","link":"https:\/\/piqueniquedeschefs.fr\/index.php\/partenaires-2026\/","title":{"rendered":"Partenaires 2026"},"content":{"rendered":"\n<p><\/p>\n\n\n\n<h2 class=\"wp-block-heading has-text-align-left\" style=\"text-transform:uppercase\">Un grand merci \u00e0 nos partenaires de l&rsquo;\u00e9dition 2026 !<\/h2>\n\n\n\n<hr class=\"wp-block-separator has-alpha-channel-opacity\"\/>\n\n\n\n<h3 class=\"wp-block-heading alignfull has-text-align-center\" style=\"text-transform:uppercase\">\u2728 PARTENAIRES PRIVIL\u00c9GI\u00c9S \u2728<\/h3>\n\n\n\n<hr class=\"wp-block-separator has-alpha-channel-opacity\"\/>\n\n\n\n<div class=\"wp-block-columns are-vertically-aligned-center is-layout-flex wp-container-core-columns-is-layout-9d6595d7 wp-block-columns-is-layout-flex\">\n<div class=\"wp-block-column is-vertically-aligned-center is-layout-flow wp-block-column-is-layout-flow\"><div class=\"wp-block-image\">\n<figure class=\"aligncenter size-full is-resized\"><img loading=\"lazy\" decoding=\"async\" width=\"2396\" height=\"768\" src=\"https:\/\/piqueniquedeschefs.fr\/wp-content\/uploads\/2026\/01\/logo-domaine-de-vizille.png\" alt=\"logo-domaine-de-vizille\" class=\"wp-image-4146\" style=\"aspect-ratio:3.120181405895692;width:293px;height:auto\" srcset=\"https:\/\/piqueniquedeschefs.fr\/wp-content\/uploads\/2026\/01\/logo-domaine-de-vizille.png 2396w, https:\/\/piqueniquedeschefs.fr\/wp-content\/uploads\/2026\/01\/logo-domaine-de-vizille-300x96.png 300w, https:\/\/piqueniquedeschefs.fr\/wp-content\/uploads\/2026\/01\/logo-domaine-de-vizille-1024x328.png 1024w, https:\/\/piqueniquedeschefs.fr\/wp-content\/uploads\/2026\/01\/logo-domaine-de-vizille-768x246.png 768w, https:\/\/piqueniquedeschefs.fr\/wp-content\/uploads\/2026\/01\/logo-domaine-de-vizille-1536x492.png 1536w, https:\/\/piqueniquedeschefs.fr\/wp-content\/uploads\/2026\/01\/logo-domaine-de-vizille-2048x656.png 2048w\" sizes=\"auto, (max-width: 2396px) 100vw, 2396px\" \/><\/figure>\n<\/div><\/div>\n\n\n\n<div class=\"wp-block-column is-vertically-aligned-center is-layout-flow wp-block-column-is-layout-flow\">\n<p><strong>Domaine de Vizille<\/strong><\/p>\n\n\n\n<p class=\"has-small-font-size\">Le\u00a0Domaine de Vizille\u00a0nous permet d\u2019accueillir la 7\u00e8me \u00e9dition du Grand Pique-Nique des Chefs dans un cadre exceptionnel. Gr\u00e2ce \u00e0 ce lieu unique, nos chefs, nos producteurs et nos visiteurs profitent d\u2019un vaste parc pour partager un moment convivial, au c\u0153ur de la nature et du patrimoine.<\/p>\n\n\n\n<p class=\"has-small-font-size\">\u2139\ufe0f V\u00e9ritable joyau historique et naturel, le Domaine de Vizille est reconnu pour son ch\u00e2teau et son immense parc paysager. Il offre un environnement privil\u00e9gi\u00e9 pour des \u00e9v\u00e9nements d\u2019envergure, alliant culture, d\u00e9tente et d\u00e9couverte dans un cadre remarquable.<\/p>\n<\/div>\n<\/div>\n\n\n\n<hr class=\"wp-block-separator has-alpha-channel-opacity\"\/>\n\n\n\n<div class=\"wp-block-columns is-layout-flex wp-container-core-columns-is-layout-9d6595d7 wp-block-columns-is-layout-flex\">\n<div class=\"wp-block-column is-vertically-aligned-center is-layout-flow wp-block-column-is-layout-flow\"><div class=\"wp-block-image\">\n<figure class=\"aligncenter size-large is-resized\"><a href=\"https:\/\/www.facebook.com\/cheriegrenoble\/?locale=fr_FR\" target=\"_blank\" rel=\"noreferrer noopener\"><img loading=\"lazy\" decoding=\"async\" width=\"1024\" height=\"568\" src=\"https:\/\/piqueniquedeschefs.fr\/wp-content\/uploads\/2021\/06\/LOGO_CHERIE-FM_CMJN-1024x568.png\" alt=\"LOGO_CHERIE FM_CMJN\" class=\"wp-image-563\" style=\"width:256px;height:142px\" srcset=\"https:\/\/piqueniquedeschefs.fr\/wp-content\/uploads\/2021\/06\/LOGO_CHERIE-FM_CMJN-1024x568.png 1024w, https:\/\/piqueniquedeschefs.fr\/wp-content\/uploads\/2021\/06\/LOGO_CHERIE-FM_CMJN-300x166.png 300w, https:\/\/piqueniquedeschefs.fr\/wp-content\/uploads\/2021\/06\/LOGO_CHERIE-FM_CMJN-768x426.png 768w, https:\/\/piqueniquedeschefs.fr\/wp-content\/uploads\/2021\/06\/LOGO_CHERIE-FM_CMJN.png 1162w\" sizes=\"auto, (max-width: 1024px) 100vw, 1024px\" \/><\/a><\/figure>\n<\/div><\/div>\n\n\n\n<div class=\"wp-block-column is-layout-flow wp-block-column-is-layout-flow\">\n<p><strong><a href=\"https:\/\/www.facebook.com\/cheriegrenoble\/?locale=fr_FR\" target=\"_blank\" rel=\"noreferrer noopener\">Ch\u00e9rie FM Grenoble<\/a><\/strong><\/p>\n\n\n\n<p class=\"has-small-font-size\">Ch\u00e9rie FM Grenoble s&rsquo;assure que vous ne passiez pas \u00e0 c\u00f4t\u00e9 du Grand Pique-Nique des Chefs ! Sur les ondes, cette radio incontournable vous propose m\u00eame de vous r\u00e9galer en vous faisant remporter quelques portions ! Alors restez \u00e0 l&rsquo;\u00e9coute !<\/p>\n\n\n\n<p class=\"has-small-font-size\">\u2139\ufe0f Ch\u00e9rie FM, la musique la plus vari\u00e9e : \u00e9coute en direct, podcasts programmes, vid\u00e9os, fr\u00e9quences, webradios, actualit\u00e9s people, horoscope&#8230;<\/p>\n<\/div>\n<\/div>\n\n\n\n<hr class=\"wp-block-separator has-alpha-channel-opacity\"\/>\n\n\n\n<div class=\"wp-block-columns are-vertically-aligned-center is-layout-flex wp-container-core-columns-is-layout-9d6595d7 wp-block-columns-is-layout-flex\">\n<div class=\"wp-block-column is-vertically-aligned-center is-layout-flow wp-block-column-is-layout-flow\"><div class=\"wp-block-image\">\n<figure class=\"aligncenter size-full is-resized\"><a href=\"https:\/\/www.loca-reception.fr\" target=\"_blank\" rel=\" noreferrer noopener\"><img loading=\"lazy\" decoding=\"async\" width=\"150\" height=\"150\" src=\"https:\/\/piqueniquedeschefs.fr\/wp-content\/uploads\/2021\/05\/logo-loca-reception-grand-pique-nique-chefs.jpg\" alt=\"\" class=\"wp-image-484\" style=\"width:215px\"\/><\/a><\/figure>\n<\/div><\/div>\n\n\n\n<div class=\"wp-block-column is-vertically-aligned-center is-layout-flow wp-block-column-is-layout-flow\">\n<p><strong><a href=\"https:\/\/www.loca-reception.fr\" target=\"_blank\" rel=\"noreferrer noopener\">Loca R\u00e9ception<\/a><\/strong><\/p>\n\n\n\n<p class=\"has-small-font-size\">Loca R\u00e9ception nous permet chaque ann\u00e9e de b\u00e2tir la structure de l&rsquo;\u00e9v\u00e9nement gr\u00e2ce \u00e0 la mise en place d&rsquo;agencement et mobilier d\u00e9di\u00e9 \u00e0 l&rsquo;\u00e9v\u00e9nement, aux chefs, aux producteurs et au public. <\/p>\n\n\n\n<p class=\"has-small-font-size\">\u2139\ufe0f Filiale \u00e9v\u00e9nementielle du Groupe Kiloutou depuis 2012, Loca R\u00e9ception propose un large choix de produits \u00e0 la location, son savoir-faire et ses comp\u00e9tences logistiques \u00e0 ses clients professionnels et particuliers.<\/p>\n<\/div>\n<\/div>\n\n\n\n<hr class=\"wp-block-separator has-text-color has-css-opacity has-background is-style-wide\" style=\"background-color:#fef31f;color:#fef31f\"\/>\n\n\n\n<h2 class=\"wp-block-heading has-text-align-left\" style=\"text-transform:uppercase\">Vous souhaitez devenir partenaire ?<\/h2>\n\n\n\n<p class=\"has-text-align-left\">Profitez du <strong>rayonnement<\/strong> du Grand Pique-Nique des Chefs, cet <strong>\u00e9v\u00e9nement culinaire de l\u2019ann\u00e9e sur le territoire is\u00e9rois<\/strong> !<\/p>\n\n\n\n<div style=\"height:10px\" aria-hidden=\"true\" class=\"wp-block-spacer\"><\/div>\n\n\n\n<h4 class=\"wp-block-heading\">\ud83d\udc49 Offrez-vous une visibilit\u00e9 qualifi\u00e9e<\/h4>\n\n\n\n<div style=\"height:10px\" aria-hidden=\"true\" class=\"wp-block-spacer\"><\/div>\n\n\n\n<p>Allez \u00e0 l&rsquo;encontre de plus de <strong>6 250 visiteurs<\/strong> sensibles aux univers de la gastronomie, du terroir et de l&rsquo;art de vivre : professionnels des m\u00e9tiers de bouche, familles, jeunes couples et \u00e9picuriens en qu\u00eate de d\u00e9couverte gourmande.<br><br>Prolongez cette visibilit\u00e9 gr\u00e2ce \u00e0 notre communication relat\u00e9 avant, pendant et apr\u00e8s l\u2019\u00e9v\u00e9nement (site internet, r\u00e9seaux sociaux, presse &amp; radio).<\/p>\n\n\n\n<div style=\"height:20px\" aria-hidden=\"true\" class=\"wp-block-spacer\"><\/div>\n\n\n\n<h4 class=\"wp-block-heading\">\ud83d\udc49 Rencontrez les chefs, artisans et producteurs<\/h4>\n\n\n\n<div style=\"height:10px\" aria-hidden=\"true\" class=\"wp-block-spacer\"><\/div>\n\n\n\n<p>\u00c9changez avec <strong>20 chefs is\u00e9rois <\/strong>et <strong>25 producteurs locaux <\/strong>r\u00e9unis pour partager leur passion, leur savoir-faire et leur univers.<\/p>\n\n\n\n<p>Dans une atmosph\u00e8re conviviale et chaleureuse,<strong> <\/strong>d\u00e9couvrez les visages, les histoires et les talents qui vont vivre notre territoire.<\/p>\n\n\n\n<div style=\"height:20px\" aria-hidden=\"true\" class=\"wp-block-spacer\"><\/div>\n\n\n\n<h4 class=\"wp-block-heading\">\ud83d\udc49 Cr\u00e9ez du lien<\/h4>\n\n\n\n<div style=\"height:10px\" aria-hidden=\"true\" class=\"wp-block-spacer\"><\/div>\n\n\n\n<p>Une belle occasion de cr\u00e9er du lien, de d\u00e9couvrir des univers inspirants et de vivre la gastronomie avec ceux qui vous connaissent et ceux qui vous d\u00e9couvrent. <\/p>\n\n\n\n<p>Faites partie de ce rendez-vous reconnu et attendu, qui pourra mettre en lumi\u00e8re votre savoir-faire et vos offres !<\/p>\n\n\n\n<div style=\"height:20px\" aria-hidden=\"true\" class=\"wp-block-spacer\"><\/div>\n\n\n\n<div class=\"wp-block-buttons is-horizontal is-content-justification-center is-layout-flex wp-container-core-buttons-is-layout-499968f5 wp-block-buttons-is-layout-flex\">\n<div class=\"wp-block-button\"><a class=\"wp-block-button__link has-black-color has-text-color has-background wp-element-button\" href=\"https:\/\/piqueniquedeschefs.fr\/index.php\/contact\/\" style=\"background-color:#f7ec1d\"><strong>Je veux devenir partenaire !<\/strong><\/a><\/div>\n<\/div>\n\n\n\n<p><\/p>\n","protected":false},"excerpt":{"rendered":"<p>Un grand merci \u00e0 nos partenaires de l&rsquo;\u00e9dition 2026 ! \u2728 PARTENAIRES PRIVIL\u00c9GI\u00c9S \u2728 Domaine de Vizille Le\u00a0Domaine de Vizille\u00a0nous permet d\u2019accueillir la 7\u00e8me \u00e9dition&hellip;<\/p>\n","protected":false},"author":5,"featured_media":0,"parent":0,"menu_order":0,"comment_status":"closed","ping_status":"closed","template":"","meta":{"footnotes":""},"class_list":["post-4230","page","type-page","status-publish","hentry"],"yoast_head":"<!-- This site is optimized with the Yoast SEO plugin v26.7 - https:\/\/yoast.com\/wordpress\/plugins\/seo\/ -->\n<title>Partenaires 2026 - Grand Pique-Nique des Chefs<\/title>\n<meta name=\"robots\" content=\"index, follow, max-snippet:-1, max-image-preview:large, max-video-preview:-1\" \/>\n<link rel=\"canonical\" href=\"https:\/\/piqueniquedeschefs.fr\/index.php\/partenaires-2026\/\" \/>\n<meta property=\"og:locale\" content=\"fr_FR\" \/>\n<meta property=\"og:type\" content=\"article\" \/>\n<meta property=\"og:title\" content=\"Partenaires 2026 - Grand Pique-Nique des Chefs\" \/>\n<meta property=\"og:description\" content=\"Un grand merci \u00e0 nos partenaires de l&rsquo;\u00e9dition 2026 ! \u2728 PARTENAIRES PRIVIL\u00c9GI\u00c9S \u2728 Domaine de Vizille Le\u00a0Domaine de Vizille\u00a0nous permet d\u2019accueillir la 7\u00e8me \u00e9dition&hellip;\" \/>\n<meta property=\"og:url\" content=\"https:\/\/piqueniquedeschefs.fr\/index.php\/partenaires-2026\/\" \/>\n<meta property=\"og:site_name\" content=\"Grand Pique-Nique des Chefs\" \/>\n<meta property=\"article:modified_time\" content=\"2026-05-12T11:17:32+00:00\" \/>\n<meta property=\"og:image\" content=\"https:\/\/piqueniquedeschefs.fr\/wp-content\/uploads\/2026\/01\/logo-domaine-de-vizille.png\" \/>\n\t<meta property=\"og:image:width\" content=\"2396\" \/>\n\t<meta property=\"og:image:height\" content=\"768\" \/>\n\t<meta property=\"og:image:type\" content=\"image\/png\" \/>\n<meta name=\"twitter:card\" content=\"summary_large_image\" \/>\n<meta name=\"twitter:label1\" content=\"Dur\u00e9e de lecture estim\u00e9e\" \/>\n\t<meta name=\"twitter:data1\" content=\"3 minutes\" \/>\n<script type=\"application\/ld+json\" class=\"yoast-schema-graph\">{\"@context\":\"https:\/\/schema.org\",\"@graph\":[{\"@type\":\"WebPage\",\"@id\":\"https:\/\/piqueniquedeschefs.fr\/index.php\/partenaires-2026\/\",\"url\":\"https:\/\/piqueniquedeschefs.fr\/index.php\/partenaires-2026\/\",\"name\":\"Partenaires 2026 - Grand Pique-Nique des Chefs\",\"isPartOf\":{\"@id\":\"https:\/\/piqueniquedeschefs.fr\/#website\"},\"primaryImageOfPage\":{\"@id\":\"https:\/\/piqueniquedeschefs.fr\/index.php\/partenaires-2026\/#primaryimage\"},\"image\":{\"@id\":\"https:\/\/piqueniquedeschefs.fr\/index.php\/partenaires-2026\/#primaryimage\"},\"thumbnailUrl\":\"https:\/\/piqueniquedeschefs.fr\/wp-content\/uploads\/2026\/01\/logo-domaine-de-vizille.png\",\"datePublished\":\"2026-05-11T14:03:03+00:00\",\"dateModified\":\"2026-05-12T11:17:32+00:00\",\"breadcrumb\":{\"@id\":\"https:\/\/piqueniquedeschefs.fr\/index.php\/partenaires-2026\/#breadcrumb\"},\"inLanguage\":\"fr-FR\",\"potentialAction\":[{\"@type\":\"ReadAction\",\"target\":[\"https:\/\/piqueniquedeschefs.fr\/index.php\/partenaires-2026\/\"]}]},{\"@type\":\"ImageObject\",\"inLanguage\":\"fr-FR\",\"@id\":\"https:\/\/piqueniquedeschefs.fr\/index.php\/partenaires-2026\/#primaryimage\",\"url\":\"https:\/\/piqueniquedeschefs.fr\/wp-content\/uploads\/2026\/01\/logo-domaine-de-vizille.png\",\"contentUrl\":\"https:\/\/piqueniquedeschefs.fr\/wp-content\/uploads\/2026\/01\/logo-domaine-de-vizille.png\",\"width\":2396,\"height\":768,\"caption\":\"logo-domaine-de-vizille\"},{\"@type\":\"BreadcrumbList\",\"@id\":\"https:\/\/piqueniquedeschefs.fr\/index.php\/partenaires-2026\/#breadcrumb\",\"itemListElement\":[{\"@type\":\"ListItem\",\"position\":1,\"name\":\"Accueil\",\"item\":\"https:\/\/piqueniquedeschefs.fr\/\"},{\"@type\":\"ListItem\",\"position\":2,\"name\":\"Partenaires 2026\"}]},{\"@type\":\"WebSite\",\"@id\":\"https:\/\/piqueniquedeschefs.fr\/#website\",\"url\":\"https:\/\/piqueniquedeschefs.fr\/\",\"name\":\"Grand Pique-Nique des Chefs\",\"description\":\"Ev\u00e9nement culinaire\",\"publisher\":{\"@id\":\"https:\/\/piqueniquedeschefs.fr\/#organization\"},\"potentialAction\":[{\"@type\":\"SearchAction\",\"target\":{\"@type\":\"EntryPoint\",\"urlTemplate\":\"https:\/\/piqueniquedeschefs.fr\/?s={search_term_string}\"},\"query-input\":{\"@type\":\"PropertyValueSpecification\",\"valueRequired\":true,\"valueName\":\"search_term_string\"}}],\"inLanguage\":\"fr-FR\"},{\"@type\":\"Organization\",\"@id\":\"https:\/\/piqueniquedeschefs.fr\/#organization\",\"name\":\"Grand Pique-Nique des Chefs\",\"url\":\"https:\/\/piqueniquedeschefs.fr\/\",\"logo\":{\"@type\":\"ImageObject\",\"inLanguage\":\"fr-FR\",\"@id\":\"https:\/\/piqueniquedeschefs.fr\/#\/schema\/logo\/image\/\",\"url\":\"https:\/\/piqueniquedeschefs.fr\/wp-content\/uploads\/2020\/02\/cropped-logo-gpnc-2020.jpg\",\"contentUrl\":\"https:\/\/piqueniquedeschefs.fr\/wp-content\/uploads\/2020\/02\/cropped-logo-gpnc-2020.jpg\",\"width\":218,\"height\":136,\"caption\":\"Grand Pique-Nique des Chefs\"},\"image\":{\"@id\":\"https:\/\/piqueniquedeschefs.fr\/#\/schema\/logo\/image\/\"}}]}<\/script>\n<!-- \/ Yoast SEO plugin. -->","yoast_head_json":{"title":"Partenaires 2026 - Grand Pique-Nique des Chefs","robots":{"index":"index","follow":"follow","max-snippet":"max-snippet:-1","max-image-preview":"max-image-preview:large","max-video-preview":"max-video-preview:-1"},"canonical":"https:\/\/piqueniquedeschefs.fr\/index.php\/partenaires-2026\/","og_locale":"fr_FR","og_type":"article","og_title":"Partenaires 2026 - Grand Pique-Nique des Chefs","og_description":"Un grand merci \u00e0 nos partenaires de l&rsquo;\u00e9dition 2026 ! \u2728 PARTENAIRES PRIVIL\u00c9GI\u00c9S \u2728 Domaine de Vizille Le\u00a0Domaine de Vizille\u00a0nous permet d\u2019accueillir la 7\u00e8me \u00e9dition&hellip;","og_url":"https:\/\/piqueniquedeschefs.fr\/index.php\/partenaires-2026\/","og_site_name":"Grand Pique-Nique des Chefs","article_modified_time":"2026-05-12T11:17:32+00:00","og_image":[{"width":2396,"height":768,"url":"https:\/\/piqueniquedeschefs.fr\/wp-content\/uploads\/2026\/01\/logo-domaine-de-vizille.png","type":"image\/png"}],"twitter_card":"summary_large_image","twitter_misc":{"Dur\u00e9e de lecture estim\u00e9e":"3 minutes"},"schema":{"@context":"https:\/\/schema.org","@graph":[{"@type":"WebPage","@id":"https:\/\/piqueniquedeschefs.fr\/index.php\/partenaires-2026\/","url":"https:\/\/piqueniquedeschefs.fr\/index.php\/partenaires-2026\/","name":"Partenaires 2026 - Grand Pique-Nique des Chefs","isPartOf":{"@id":"https:\/\/piqueniquedeschefs.fr\/#website"},"primaryImageOfPage":{"@id":"https:\/\/piqueniquedeschefs.fr\/index.php\/partenaires-2026\/#primaryimage"},"image":{"@id":"https:\/\/piqueniquedeschefs.fr\/index.php\/partenaires-2026\/#primaryimage"},"thumbnailUrl":"https:\/\/piqueniquedeschefs.fr\/wp-content\/uploads\/2026\/01\/logo-domaine-de-vizille.png","datePublished":"2026-05-11T14:03:03+00:00","dateModified":"2026-05-12T11:17:32+00:00","breadcrumb":{"@id":"https:\/\/piqueniquedeschefs.fr\/index.php\/partenaires-2026\/#breadcrumb"},"inLanguage":"fr-FR","potentialAction":[{"@type":"ReadAction","target":["https:\/\/piqueniquedeschefs.fr\/index.php\/partenaires-2026\/"]}]},{"@type":"ImageObject","inLanguage":"fr-FR","@id":"https:\/\/piqueniquedeschefs.fr\/index.php\/partenaires-2026\/#primaryimage","url":"https:\/\/piqueniquedeschefs.fr\/wp-content\/uploads\/2026\/01\/logo-domaine-de-vizille.png","contentUrl":"https:\/\/piqueniquedeschefs.fr\/wp-content\/uploads\/2026\/01\/logo-domaine-de-vizille.png","width":2396,"height":768,"caption":"logo-domaine-de-vizille"},{"@type":"BreadcrumbList","@id":"https:\/\/piqueniquedeschefs.fr\/index.php\/partenaires-2026\/#breadcrumb","itemListElement":[{"@type":"ListItem","position":1,"name":"Accueil","item":"https:\/\/piqueniquedeschefs.fr\/"},{"@type":"ListItem","position":2,"name":"Partenaires 2026"}]},{"@type":"WebSite","@id":"https:\/\/piqueniquedeschefs.fr\/#website","url":"https:\/\/piqueniquedeschefs.fr\/","name":"Grand Pique-Nique des Chefs","description":"Ev\u00e9nement culinaire","publisher":{"@id":"https:\/\/piqueniquedeschefs.fr\/#organization"},"potentialAction":[{"@type":"SearchAction","target":{"@type":"EntryPoint","urlTemplate":"https:\/\/piqueniquedeschefs.fr\/?s={search_term_string}"},"query-input":{"@type":"PropertyValueSpecification","valueRequired":true,"valueName":"search_term_string"}}],"inLanguage":"fr-FR"},{"@type":"Organization","@id":"https:\/\/piqueniquedeschefs.fr\/#organization","name":"Grand Pique-Nique des Chefs","url":"https:\/\/piqueniquedeschefs.fr\/","logo":{"@type":"ImageObject","inLanguage":"fr-FR","@id":"https:\/\/piqueniquedeschefs.fr\/#\/schema\/logo\/image\/","url":"https:\/\/piqueniquedeschefs.fr\/wp-content\/uploads\/2020\/02\/cropped-logo-gpnc-2020.jpg","contentUrl":"https:\/\/piqueniquedeschefs.fr\/wp-content\/uploads\/2020\/02\/cropped-logo-gpnc-2020.jpg","width":218,"height":136,"caption":"Grand Pique-Nique des Chefs"},"image":{"@id":"https:\/\/piqueniquedeschefs.fr\/#\/schema\/logo\/image\/"}}]}},"_links":{"self":[{"href":"https:\/\/piqueniquedeschefs.fr\/index.php\/wp-json\/wp\/v2\/pages\/4230","targetHints":{"allow":["GET"]}}],"collection":[{"href":"https:\/\/piqueniquedeschefs.fr\/index.php\/wp-json\/wp\/v2\/pages"}],"about":[{"href":"https:\/\/piqueniquedeschefs.fr\/index.php\/wp-json\/wp\/v2\/types\/page"}],"author":[{"embeddable":true,"href":"https:\/\/piqueniquedeschefs.fr\/index.php\/wp-json\/wp\/v2\/users\/5"}],"replies":[{"embeddable":true,"href":"https:\/\/piqueniquedeschefs.fr\/index.php\/wp-json\/wp\/v2\/comments?post=4230"}],"version-history":[{"count":31,"href":"https:\/\/piqueniquedeschefs.fr\/index.php\/wp-json\/wp\/v2\/pages\/4230\/revisions"}],"predecessor-version":[{"id":4547,"href":"https:\/\/piqueniquedeschefs.fr\/index.php\/wp-json\/wp\/v2\/pages\/4230\/revisions\/4547"}],"wp:attachment":[{"href":"https:\/\/piqueniquedeschefs.fr\/index.php\/wp-json\/wp\/v2\/media?parent=4230"}],"curies":[{"name":"wp","href":"https:\/\/api.w.org\/{rel}","templated":true}]}}