{"id":68,"date":"2020-02-19T20:43:38","date_gmt":"2020-02-19T19:43:38","guid":{"rendered":"http:\/\/piqueniquedeschefs.fr\/?page_id=68"},"modified":"2025-06-25T15:39:50","modified_gmt":"2025-06-25T13:39:50","slug":"presse","status":"publish","type":"page","link":"https:\/\/piqueniquedeschefs.fr\/index.php\/presse\/","title":{"rendered":"Presse"},"content":{"rendered":"\n<div style=\"height:100px\" aria-hidden=\"true\" class=\"wp-block-spacer\"><\/div>\n\n\n\n<h2 class=\"wp-block-heading\" style=\"text-transform:uppercase\">On en parle&#8230;<\/h2>\n\n\n\n<div style=\"height:28px\" aria-hidden=\"true\" class=\"wp-block-spacer\"><\/div>\n\n\n\n<h2 class=\"wp-block-heading\">\u00c9dition 2025<\/h2>\n\n\n\n<div class=\"wp-block-columns are-vertically-aligned-center is-layout-flex wp-container-core-columns-is-layout-9d6595d7 wp-block-columns-is-layout-flex\">\n<div class=\"wp-block-column is-vertically-aligned-center is-layout-flow wp-block-column-is-layout-flow\">\n<figure class=\"wp-block-image size-large\"><img loading=\"lazy\" decoding=\"async\" width=\"557\" height=\"1024\" src=\"https:\/\/piqueniquedeschefs.fr\/wp-content\/uploads\/2025\/06\/Article-Presences-GPNC-2025-1-557x1024.jpg\" alt=\"\" class=\"wp-image-4018\" srcset=\"https:\/\/piqueniquedeschefs.fr\/wp-content\/uploads\/2025\/06\/Article-Presences-GPNC-2025-1-557x1024.jpg 557w, https:\/\/piqueniquedeschefs.fr\/wp-content\/uploads\/2025\/06\/Article-Presences-GPNC-2025-1-163x300.jpg 163w, https:\/\/piqueniquedeschefs.fr\/wp-content\/uploads\/2025\/06\/Article-Presences-GPNC-2025-1-768x1411.jpg 768w, https:\/\/piqueniquedeschefs.fr\/wp-content\/uploads\/2025\/06\/Article-Presences-GPNC-2025-1-836x1536.jpg 836w, https:\/\/piqueniquedeschefs.fr\/wp-content\/uploads\/2025\/06\/Article-Presences-GPNC-2025-1.jpg 1080w\" sizes=\"auto, (max-width: 557px) 100vw, 557px\" \/><\/figure>\n<\/div>\n\n\n\n<div class=\"wp-block-column is-vertically-aligned-center is-layout-flow wp-block-column-is-layout-flow\">\n<div class=\"wp-block-buttons is-content-justification-center is-layout-flex wp-container-core-buttons-is-layout-16018d1d wp-block-buttons-is-layout-flex\">\n<div class=\"wp-block-button\"><a class=\"wp-block-button__link wp-element-button\" href=\"https:\/\/www.presences-grenoble.fr\/actualites-loisirs-grenoble\/grand-pique-nique-des-chefs-2025-une-journee-festive-au-parc-du-domaine\">\ud83d\udc49 Voir l&rsquo;article complet !<\/a><\/div>\n<\/div>\n<\/div>\n<\/div>\n\n\n\n<div style=\"height:28px\" aria-hidden=\"true\" class=\"wp-block-spacer\"><\/div>\n\n\n\n<h2 class=\"wp-block-heading\">\u00c9dition 2023<\/h2>\n\n\n\n<div style=\"height:50px\" aria-hidden=\"true\" class=\"wp-block-spacer\"><\/div>\n\n\n\n<div class=\"wp-block-file\"><a id=\"wp-block-file--media-88e091ae-7a01-465b-a7d6-9bb2358a1395\" href=\"https:\/\/piqueniquedeschefs.fr\/wp-content\/uploads\/2023\/07\/Article-le-petit-bulletin.png\">Article-le-petit-bulletin<\/a><a href=\"https:\/\/piqueniquedeschefs.fr\/wp-content\/uploads\/2023\/07\/Article-le-petit-bulletin.png\" class=\"wp-block-file__button wp-element-button\" download aria-describedby=\"wp-block-file--media-88e091ae-7a01-465b-a7d6-9bb2358a1395\">T\u00e9l\u00e9charger<\/a><\/div>\n\n\n\n<figure class=\"wp-block-image size-full\"><img loading=\"lazy\" decoding=\"async\" width=\"831\" height=\"383\" src=\"https:\/\/piqueniquedeschefs.fr\/wp-content\/uploads\/2023\/07\/Article-le-petit-bulletin.png\" alt=\"\" class=\"wp-image-3529\" srcset=\"https:\/\/piqueniquedeschefs.fr\/wp-content\/uploads\/2023\/07\/Article-le-petit-bulletin.png 831w, https:\/\/piqueniquedeschefs.fr\/wp-content\/uploads\/2023\/07\/Article-le-petit-bulletin-300x138.png 300w, https:\/\/piqueniquedeschefs.fr\/wp-content\/uploads\/2023\/07\/Article-le-petit-bulletin-768x354.png 768w\" sizes=\"auto, (max-width: 831px) 100vw, 831px\" \/><\/figure>\n\n\n\n<div class=\"wp-block-file\"><a id=\"wp-block-file--media-88e091ae-7a01-465b-a7d6-9bb2358a1395\" href=\"https:\/\/piqueniquedeschefs.fr\/wp-content\/uploads\/2023\/07\/Article-le-Dauphine-Libere.png\">Article-le-Dauphine-Libere<\/a><a href=\"https:\/\/piqueniquedeschefs.fr\/wp-content\/uploads\/2023\/07\/Article-le-Dauphine-Libere.png\" class=\"wp-block-file__button wp-element-button\" download aria-describedby=\"wp-block-file--media-88e091ae-7a01-465b-a7d6-9bb2358a1395\">T\u00e9l\u00e9charger<\/a><\/div>\n\n\n\n<figure class=\"wp-block-image size-full\"><img loading=\"lazy\" decoding=\"async\" width=\"415\" height=\"609\" src=\"https:\/\/piqueniquedeschefs.fr\/wp-content\/uploads\/2023\/07\/Article-le-Dauphine-Libere.png\" alt=\"\" class=\"wp-image-3530\" srcset=\"https:\/\/piqueniquedeschefs.fr\/wp-content\/uploads\/2023\/07\/Article-le-Dauphine-Libere.png 415w, https:\/\/piqueniquedeschefs.fr\/wp-content\/uploads\/2023\/07\/Article-le-Dauphine-Libere-204x300.png 204w\" sizes=\"auto, (max-width: 415px) 100vw, 415px\" \/><\/figure>\n\n\n\n<div class=\"wp-block-file\"><a id=\"wp-block-file--media-88e091ae-7a01-465b-a7d6-9bb2358a1395\" href=\"https:\/\/piqueniquedeschefs.fr\/wp-content\/uploads\/2023\/07\/Flash-info-mai-montbonnot.png\">Flash-info-mai-montbonnot<\/a><a href=\"https:\/\/piqueniquedeschefs.fr\/wp-content\/uploads\/2023\/07\/Flash-info-mai-montbonnot.png\" class=\"wp-block-file__button wp-element-button\" download aria-describedby=\"wp-block-file--media-88e091ae-7a01-465b-a7d6-9bb2358a1395\">T\u00e9l\u00e9charger<\/a><\/div>\n\n\n\n<figure class=\"wp-block-image size-full\"><img loading=\"lazy\" decoding=\"async\" width=\"481\" height=\"408\" src=\"https:\/\/piqueniquedeschefs.fr\/wp-content\/uploads\/2023\/07\/Flash-info-mai-montbonnot.png\" alt=\"\" class=\"wp-image-3528\" srcset=\"https:\/\/piqueniquedeschefs.fr\/wp-content\/uploads\/2023\/07\/Flash-info-mai-montbonnot.png 481w, https:\/\/piqueniquedeschefs.fr\/wp-content\/uploads\/2023\/07\/Flash-info-mai-montbonnot-300x254.png 300w\" sizes=\"auto, (max-width: 481px) 100vw, 481px\" \/><\/figure>\n\n\n\n<h2 class=\"wp-block-heading\">\u00c9dition 2022<\/h2>\n\n\n\n<div style=\"height:50px\" aria-hidden=\"true\" class=\"wp-block-spacer\"><\/div>\n\n\n\n<p>Article de L&rsquo;H\u00f4tellerie Restauration <\/p>\n\n\n\n<figure class=\"wp-block-image size-large\"><img loading=\"lazy\" decoding=\"async\" width=\"1024\" height=\"727\" src=\"https:\/\/piqueniquedeschefs.fr\/wp-content\/uploads\/2022\/07\/AA0AED7D-26FB-4168-9508-77843DAB701F-1024x727.jpeg\" alt=\"\" class=\"wp-image-2053\" srcset=\"https:\/\/piqueniquedeschefs.fr\/wp-content\/uploads\/2022\/07\/AA0AED7D-26FB-4168-9508-77843DAB701F-1024x727.jpeg 1024w, https:\/\/piqueniquedeschefs.fr\/wp-content\/uploads\/2022\/07\/AA0AED7D-26FB-4168-9508-77843DAB701F-300x213.jpeg 300w, https:\/\/piqueniquedeschefs.fr\/wp-content\/uploads\/2022\/07\/AA0AED7D-26FB-4168-9508-77843DAB701F-768x545.jpeg 768w, https:\/\/piqueniquedeschefs.fr\/wp-content\/uploads\/2022\/07\/AA0AED7D-26FB-4168-9508-77843DAB701F-1536x1091.jpeg 1536w, https:\/\/piqueniquedeschefs.fr\/wp-content\/uploads\/2022\/07\/AA0AED7D-26FB-4168-9508-77843DAB701F.jpeg 2028w\" sizes=\"auto, (max-width: 1024px) 100vw, 1024px\" \/><\/figure>\n\n\n\n<p>Article du Dauphin\u00e9 Lib\u00e9r\u00e9 &#8211; 4 juillet 2022<\/p>\n\n\n\n<figure class=\"wp-block-image size-large\"><img loading=\"lazy\" decoding=\"async\" width=\"1024\" height=\"673\" src=\"https:\/\/piqueniquedeschefs.fr\/wp-content\/uploads\/2022\/07\/27C421F7-1FF4-418B-831A-F50782099751-1024x673.jpeg\" alt=\"\" class=\"wp-image-2052\" srcset=\"https:\/\/piqueniquedeschefs.fr\/wp-content\/uploads\/2022\/07\/27C421F7-1FF4-418B-831A-F50782099751-1024x673.jpeg 1024w, https:\/\/piqueniquedeschefs.fr\/wp-content\/uploads\/2022\/07\/27C421F7-1FF4-418B-831A-F50782099751-300x197.jpeg 300w, https:\/\/piqueniquedeschefs.fr\/wp-content\/uploads\/2022\/07\/27C421F7-1FF4-418B-831A-F50782099751-768x505.jpeg 768w, https:\/\/piqueniquedeschefs.fr\/wp-content\/uploads\/2022\/07\/27C421F7-1FF4-418B-831A-F50782099751.jpeg 1516w\" sizes=\"auto, (max-width: 1024px) 100vw, 1024px\" \/><\/figure>\n\n\n\n<div class=\"wp-block-file\"><a id=\"wp-block-file--media-88e091ae-7a01-465b-a7d6-9bb2358a1395\" href=\"https:\/\/piqueniquedeschefs.fr\/wp-content\/uploads\/2022\/07\/211A1D5D-DE96-4361-940C-3EC3FCDE706F_4_5005_c.jpeg\">Flash-Info Juin 2022 &#8211; Ville de Montbonnot<\/a><a href=\"https:\/\/piqueniquedeschefs.fr\/wp-content\/uploads\/2022\/07\/211A1D5D-DE96-4361-940C-3EC3FCDE706F_4_5005_c.jpeg\" class=\"wp-block-file__button wp-element-button\" download aria-describedby=\"wp-block-file--media-88e091ae-7a01-465b-a7d6-9bb2358a1395\">T\u00e9l\u00e9charger<\/a><\/div>\n\n\n\n<figure class=\"wp-block-image size-full\"><img loading=\"lazy\" decoding=\"async\" width=\"372\" height=\"320\" src=\"https:\/\/piqueniquedeschefs.fr\/wp-content\/uploads\/2022\/07\/211A1D5D-DE96-4361-940C-3EC3FCDE706F_4_5005_c.jpeg\" alt=\"\" class=\"wp-image-2051\" srcset=\"https:\/\/piqueniquedeschefs.fr\/wp-content\/uploads\/2022\/07\/211A1D5D-DE96-4361-940C-3EC3FCDE706F_4_5005_c.jpeg 372w, https:\/\/piqueniquedeschefs.fr\/wp-content\/uploads\/2022\/07\/211A1D5D-DE96-4361-940C-3EC3FCDE706F_4_5005_c-300x258.jpeg 300w\" sizes=\"auto, (max-width: 372px) 100vw, 372px\" \/><\/figure>\n\n\n\n<div class=\"wp-block-file aligncenter\"><a id=\"wp-block-file--media-2210555a-5d51-405a-b6f4-2713e3337692\" href=\"https:\/\/piqueniquedeschefs.fr\/wp-content\/uploads\/2022\/04\/Flash_avril22.pdf\">Flash-Info Avril 2022 &#8211; Ville de Montbonnot<\/a><a href=\"https:\/\/piqueniquedeschefs.fr\/wp-content\/uploads\/2022\/04\/Flash_avril22.pdf\" class=\"wp-block-file__button wp-element-button\" download aria-describedby=\"wp-block-file--media-2210555a-5d51-405a-b6f4-2713e3337692\">T\u00e9l\u00e9charger<\/a><\/div>\n\n\n<div class=\"wp-block-image\">\n<figure class=\"aligncenter size-large is-resized\"><img loading=\"lazy\" decoding=\"async\" src=\"https:\/\/piqueniquedeschefs.fr\/wp-content\/uploads\/2022\/04\/5BC07742-7F17-4ADA-9D59-078560FAB414_4_5005_c.jpeg\" alt=\"Flash Info Avril 2022 Ville de Montbonnot\" class=\"wp-image-998\" width=\"284\" height=\"561\" srcset=\"https:\/\/piqueniquedeschefs.fr\/wp-content\/uploads\/2022\/04\/5BC07742-7F17-4ADA-9D59-078560FAB414_4_5005_c.jpeg 252w, https:\/\/piqueniquedeschefs.fr\/wp-content\/uploads\/2022\/04\/5BC07742-7F17-4ADA-9D59-078560FAB414_4_5005_c-152x300.jpeg 152w\" sizes=\"auto, (max-width: 284px) 100vw, 284px\" \/><\/figure>\n<\/div>\n\n\n<div style=\"height:3px\" aria-hidden=\"true\" class=\"wp-block-spacer\"><\/div>\n\n\n\n<hr class=\"wp-block-separator has-css-opacity is-style-wide\"\/>\n\n\n\n<h2 class=\"wp-block-heading\">\u00c9dition 2021<\/h2>\n\n\n\n<div class=\"wp-block-file aligncenter\"><a id=\"wp-block-file--media-c842967f-7c7e-4dfa-9ce9-155e74a0cbf7\" href=\"https:\/\/piqueniquedeschefs.fr\/wp-content\/uploads\/2022\/04\/Article-DL.pdf\">Article Dauphin\u00e9 Lib\u00e9r\u00e9 &#8211; 2021<\/a><a href=\"https:\/\/piqueniquedeschefs.fr\/wp-content\/uploads\/2022\/04\/Article-DL.pdf\" class=\"wp-block-file__button wp-element-button\" download aria-describedby=\"wp-block-file--media-c842967f-7c7e-4dfa-9ce9-155e74a0cbf7\">T\u00e9l\u00e9charger<\/a><\/div>\n\n\n<div class=\"wp-block-image\">\n<figure class=\"aligncenter size-large\"><img loading=\"lazy\" decoding=\"async\" width=\"569\" height=\"604\" src=\"https:\/\/piqueniquedeschefs.fr\/wp-content\/uploads\/2022\/04\/DEE66E06-EE41-42FA-8CB9-96F6E9F75CDD.jpeg\" alt=\"Article Le Dauphin\u00e9 Lib\u00e9r\u00e9\" class=\"wp-image-1001\" srcset=\"https:\/\/piqueniquedeschefs.fr\/wp-content\/uploads\/2022\/04\/DEE66E06-EE41-42FA-8CB9-96F6E9F75CDD.jpeg 569w, https:\/\/piqueniquedeschefs.fr\/wp-content\/uploads\/2022\/04\/DEE66E06-EE41-42FA-8CB9-96F6E9F75CDD-283x300.jpeg 283w\" sizes=\"auto, (max-width: 569px) 100vw, 569px\" \/><\/figure>\n<\/div>\n\n\n<div class=\"wp-block-file aligncenter\"><a id=\"wp-block-file--media-e9f7b68a-deec-42cb-9643-23509a8fbbe0\" href=\"https:\/\/piqueniquedeschefs.fr\/wp-content\/uploads\/2022\/04\/Flash-Info_372.pdf\">Flash Info Juin 2021 &#8211; Ville de Montbonnot<\/a><a href=\"https:\/\/piqueniquedeschefs.fr\/wp-content\/uploads\/2022\/04\/Flash-Info_372.pdf\" class=\"wp-block-file__button wp-element-button\" download aria-describedby=\"wp-block-file--media-e9f7b68a-deec-42cb-9643-23509a8fbbe0\">T\u00e9l\u00e9charger<\/a><\/div>\n\n\n<div class=\"wp-block-image\">\n<figure class=\"aligncenter size-large\"><img loading=\"lazy\" decoding=\"async\" width=\"507\" height=\"610\" src=\"https:\/\/piqueniquedeschefs.fr\/wp-content\/uploads\/2022\/04\/69F1A28F-272D-410E-97A0-1BDEACCE968A.jpeg\" alt=\"Flash Info Juin 2021 - Ville de Montbonnot\" class=\"wp-image-1003\" srcset=\"https:\/\/piqueniquedeschefs.fr\/wp-content\/uploads\/2022\/04\/69F1A28F-272D-410E-97A0-1BDEACCE968A.jpeg 507w, https:\/\/piqueniquedeschefs.fr\/wp-content\/uploads\/2022\/04\/69F1A28F-272D-410E-97A0-1BDEACCE968A-249x300.jpeg 249w\" sizes=\"auto, (max-width: 507px) 100vw, 507px\" \/><\/figure>\n<\/div>\n\n\n<p><\/p>\n\n\n\n<h3 class=\"wp-block-heading\"> <\/h3>\n\n\n\n<hr class=\"wp-block-separator has-css-opacity aligncenter is-style-wide\"\/>\n\n\n\n<h2 class=\"wp-block-heading\">\u00c9dition 2019<\/h2>\n\n\n\n<p><em> Dauphin\u00e9 Lib\u00e9r\u00e9, France 3 Alpes, France Bleu Is\u00e8re, T\u00e9l\u00e9 Grenoble, Les Affiches, Pr\u00e9sences, L\u2019Essor, Terre Dauphinoise\u2026 <\/em><\/p>\n\n\n\n<div style=\"height:20px\" aria-hidden=\"true\" class=\"wp-block-spacer\"><\/div>\n\n\n\n<div style=\"height:20px\" aria-hidden=\"true\" class=\"wp-block-spacer\"><\/div>\n\n\n\n<figure class=\"wp-block-image size-large\"><img loading=\"lazy\" decoding=\"async\" width=\"893\" height=\"632\" src=\"https:\/\/piqueniquedeschefs.fr\/wp-content\/uploads\/2020\/02\/LEDAUPHINE-04Juin2018-b.jpg\" alt=\"\" class=\"wp-image-304\" srcset=\"https:\/\/piqueniquedeschefs.fr\/wp-content\/uploads\/2020\/02\/LEDAUPHINE-04Juin2018-b.jpg 893w, https:\/\/piqueniquedeschefs.fr\/wp-content\/uploads\/2020\/02\/LEDAUPHINE-04Juin2018-b-300x212.jpg 300w, https:\/\/piqueniquedeschefs.fr\/wp-content\/uploads\/2020\/02\/LEDAUPHINE-04Juin2018-b-768x544.jpg 768w\" sizes=\"auto, (max-width: 893px) 100vw, 893px\" \/><\/figure>\n\n\n\n<figure class=\"wp-block-image size-large is-resized\"><img decoding=\"async\" src=\"https:\/\/piqueniquedeschefs.fr\/wp-content\/uploads\/2020\/02\/telegrenoble-2018.jpg\" alt=\"\" class=\"wp-image-305\" width=\"880\" srcset=\"https:\/\/piqueniquedeschefs.fr\/wp-content\/uploads\/2020\/02\/telegrenoble-2018.jpg 955w, https:\/\/piqueniquedeschefs.fr\/wp-content\/uploads\/2020\/02\/telegrenoble-2018-300x162.jpg 300w, https:\/\/piqueniquedeschefs.fr\/wp-content\/uploads\/2020\/02\/telegrenoble-2018-768x415.jpg 768w\" sizes=\"(max-width: 955px) 100vw, 955px\" \/><\/figure>\n\n\n\n<div style=\"height:100px\" aria-hidden=\"true\" class=\"wp-block-spacer\"><\/div>\n\n\n\n<p class=\"has-background\" style=\"background-color:#f7ef00\"><strong>Contact presse<\/strong> : Eve&rsquo;n Concepts \/ <a href=\"mailto:gpnc@evenconcepts.fr\" target=\"_blank\" rel=\"noreferrer noopener\">gpnc@evenconcepts.fr<\/a> \/ 04.56.14.15.39<\/p>\n","protected":false},"excerpt":{"rendered":"<p>On en parle&#8230; \u00c9dition 2025 \u00c9dition 2023 \u00c9dition 2022 Article de L&rsquo;H\u00f4tellerie Restauration Article du Dauphin\u00e9 Lib\u00e9r\u00e9 &#8211; 4 juillet 2022 \u00c9dition 2021 \u00c9dition 2019&hellip;<\/p>\n","protected":false},"author":1,"featured_media":0,"parent":0,"menu_order":0,"comment_status":"closed","ping_status":"closed","template":"","meta":{"footnotes":""},"class_list":["post-68","page","type-page","status-publish","hentry"],"yoast_head":"<!-- This site is optimized with the Yoast SEO plugin v26.7 - https:\/\/yoast.com\/wordpress\/plugins\/seo\/ -->\n<title>Presse - Grand Pique-Nique des Chefs<\/title>\n<meta name=\"robots\" content=\"index, follow, max-snippet:-1, max-image-preview:large, max-video-preview:-1\" \/>\n<link rel=\"canonical\" href=\"https:\/\/piqueniquedeschefs.fr\/index.php\/presse\/\" \/>\n<meta property=\"og:locale\" content=\"fr_FR\" \/>\n<meta property=\"og:type\" content=\"article\" \/>\n<meta property=\"og:title\" content=\"Presse - Grand Pique-Nique des Chefs\" \/>\n<meta property=\"og:description\" content=\"On en parle&#8230; \u00c9dition 2025 \u00c9dition 2023 \u00c9dition 2022 Article de L&rsquo;H\u00f4tellerie Restauration Article du Dauphin\u00e9 Lib\u00e9r\u00e9 &#8211; 4 juillet 2022 \u00c9dition 2021 \u00c9dition 2019&hellip;\" \/>\n<meta property=\"og:url\" content=\"https:\/\/piqueniquedeschefs.fr\/index.php\/presse\/\" \/>\n<meta property=\"og:site_name\" content=\"Grand Pique-Nique des Chefs\" \/>\n<meta property=\"article:modified_time\" content=\"2025-06-25T13:39:50+00:00\" \/>\n<meta property=\"og:image\" content=\"https:\/\/piqueniquedeschefs.fr\/wp-content\/uploads\/2025\/06\/Article-Presences-GPNC-2025-1-557x1024.jpg\" \/>\n<meta name=\"twitter:card\" content=\"summary_large_image\" \/>\n<script type=\"application\/ld+json\" class=\"yoast-schema-graph\">{\"@context\":\"https:\/\/schema.org\",\"@graph\":[{\"@type\":\"WebPage\",\"@id\":\"https:\/\/piqueniquedeschefs.fr\/index.php\/presse\/\",\"url\":\"https:\/\/piqueniquedeschefs.fr\/index.php\/presse\/\",\"name\":\"Presse - Grand Pique-Nique des Chefs\",\"isPartOf\":{\"@id\":\"https:\/\/piqueniquedeschefs.fr\/#website\"},\"primaryImageOfPage\":{\"@id\":\"https:\/\/piqueniquedeschefs.fr\/index.php\/presse\/#primaryimage\"},\"image\":{\"@id\":\"https:\/\/piqueniquedeschefs.fr\/index.php\/presse\/#primaryimage\"},\"thumbnailUrl\":\"https:\/\/piqueniquedeschefs.fr\/wp-content\/uploads\/2025\/06\/Article-Presences-GPNC-2025-1-557x1024.jpg\",\"datePublished\":\"2020-02-19T19:43:38+00:00\",\"dateModified\":\"2025-06-25T13:39:50+00:00\",\"breadcrumb\":{\"@id\":\"https:\/\/piqueniquedeschefs.fr\/index.php\/presse\/#breadcrumb\"},\"inLanguage\":\"fr-FR\",\"potentialAction\":[{\"@type\":\"ReadAction\",\"target\":[\"https:\/\/piqueniquedeschefs.fr\/index.php\/presse\/\"]}]},{\"@type\":\"ImageObject\",\"inLanguage\":\"fr-FR\",\"@id\":\"https:\/\/piqueniquedeschefs.fr\/index.php\/presse\/#primaryimage\",\"url\":\"https:\/\/piqueniquedeschefs.fr\/wp-content\/uploads\/2025\/06\/Article-Presences-GPNC-2025-1.jpg\",\"contentUrl\":\"https:\/\/piqueniquedeschefs.fr\/wp-content\/uploads\/2025\/06\/Article-Presences-GPNC-2025-1.jpg\",\"width\":1080,\"height\":1984},{\"@type\":\"BreadcrumbList\",\"@id\":\"https:\/\/piqueniquedeschefs.fr\/index.php\/presse\/#breadcrumb\",\"itemListElement\":[{\"@type\":\"ListItem\",\"position\":1,\"name\":\"Accueil\",\"item\":\"https:\/\/piqueniquedeschefs.fr\/\"},{\"@type\":\"ListItem\",\"position\":2,\"name\":\"Presse\"}]},{\"@type\":\"WebSite\",\"@id\":\"https:\/\/piqueniquedeschefs.fr\/#website\",\"url\":\"https:\/\/piqueniquedeschefs.fr\/\",\"name\":\"Grand Pique-Nique des Chefs\",\"description\":\"Ev\u00e9nement culinaire\",\"publisher\":{\"@id\":\"https:\/\/piqueniquedeschefs.fr\/#organization\"},\"potentialAction\":[{\"@type\":\"SearchAction\",\"target\":{\"@type\":\"EntryPoint\",\"urlTemplate\":\"https:\/\/piqueniquedeschefs.fr\/?s={search_term_string}\"},\"query-input\":{\"@type\":\"PropertyValueSpecification\",\"valueRequired\":true,\"valueName\":\"search_term_string\"}}],\"inLanguage\":\"fr-FR\"},{\"@type\":\"Organization\",\"@id\":\"https:\/\/piqueniquedeschefs.fr\/#organization\",\"name\":\"Grand Pique-Nique des Chefs\",\"url\":\"https:\/\/piqueniquedeschefs.fr\/\",\"logo\":{\"@type\":\"ImageObject\",\"inLanguage\":\"fr-FR\",\"@id\":\"https:\/\/piqueniquedeschefs.fr\/#\/schema\/logo\/image\/\",\"url\":\"https:\/\/piqueniquedeschefs.fr\/wp-content\/uploads\/2020\/02\/cropped-logo-gpnc-2020.jpg\",\"contentUrl\":\"https:\/\/piqueniquedeschefs.fr\/wp-content\/uploads\/2020\/02\/cropped-logo-gpnc-2020.jpg\",\"width\":218,\"height\":136,\"caption\":\"Grand Pique-Nique des Chefs\"},\"image\":{\"@id\":\"https:\/\/piqueniquedeschefs.fr\/#\/schema\/logo\/image\/\"}}]}<\/script>\n<!-- \/ Yoast SEO plugin. -->","yoast_head_json":{"title":"Presse - Grand Pique-Nique des Chefs","robots":{"index":"index","follow":"follow","max-snippet":"max-snippet:-1","max-image-preview":"max-image-preview:large","max-video-preview":"max-video-preview:-1"},"canonical":"https:\/\/piqueniquedeschefs.fr\/index.php\/presse\/","og_locale":"fr_FR","og_type":"article","og_title":"Presse - Grand Pique-Nique des Chefs","og_description":"On en parle&#8230; \u00c9dition 2025 \u00c9dition 2023 \u00c9dition 2022 Article de L&rsquo;H\u00f4tellerie Restauration Article du Dauphin\u00e9 Lib\u00e9r\u00e9 &#8211; 4 juillet 2022 \u00c9dition 2021 \u00c9dition 2019&hellip;","og_url":"https:\/\/piqueniquedeschefs.fr\/index.php\/presse\/","og_site_name":"Grand Pique-Nique des Chefs","article_modified_time":"2025-06-25T13:39:50+00:00","og_image":[{"url":"https:\/\/piqueniquedeschefs.fr\/wp-content\/uploads\/2025\/06\/Article-Presences-GPNC-2025-1-557x1024.jpg","type":"","width":"","height":""}],"twitter_card":"summary_large_image","schema":{"@context":"https:\/\/schema.org","@graph":[{"@type":"WebPage","@id":"https:\/\/piqueniquedeschefs.fr\/index.php\/presse\/","url":"https:\/\/piqueniquedeschefs.fr\/index.php\/presse\/","name":"Presse - Grand Pique-Nique des Chefs","isPartOf":{"@id":"https:\/\/piqueniquedeschefs.fr\/#website"},"primaryImageOfPage":{"@id":"https:\/\/piqueniquedeschefs.fr\/index.php\/presse\/#primaryimage"},"image":{"@id":"https:\/\/piqueniquedeschefs.fr\/index.php\/presse\/#primaryimage"},"thumbnailUrl":"https:\/\/piqueniquedeschefs.fr\/wp-content\/uploads\/2025\/06\/Article-Presences-GPNC-2025-1-557x1024.jpg","datePublished":"2020-02-19T19:43:38+00:00","dateModified":"2025-06-25T13:39:50+00:00","breadcrumb":{"@id":"https:\/\/piqueniquedeschefs.fr\/index.php\/presse\/#breadcrumb"},"inLanguage":"fr-FR","potentialAction":[{"@type":"ReadAction","target":["https:\/\/piqueniquedeschefs.fr\/index.php\/presse\/"]}]},{"@type":"ImageObject","inLanguage":"fr-FR","@id":"https:\/\/piqueniquedeschefs.fr\/index.php\/presse\/#primaryimage","url":"https:\/\/piqueniquedeschefs.fr\/wp-content\/uploads\/2025\/06\/Article-Presences-GPNC-2025-1.jpg","contentUrl":"https:\/\/piqueniquedeschefs.fr\/wp-content\/uploads\/2025\/06\/Article-Presences-GPNC-2025-1.jpg","width":1080,"height":1984},{"@type":"BreadcrumbList","@id":"https:\/\/piqueniquedeschefs.fr\/index.php\/presse\/#breadcrumb","itemListElement":[{"@type":"ListItem","position":1,"name":"Accueil","item":"https:\/\/piqueniquedeschefs.fr\/"},{"@type":"ListItem","position":2,"name":"Presse"}]},{"@type":"WebSite","@id":"https:\/\/piqueniquedeschefs.fr\/#website","url":"https:\/\/piqueniquedeschefs.fr\/","name":"Grand Pique-Nique des Chefs","description":"Ev\u00e9nement culinaire","publisher":{"@id":"https:\/\/piqueniquedeschefs.fr\/#organization"},"potentialAction":[{"@type":"SearchAction","target":{"@type":"EntryPoint","urlTemplate":"https:\/\/piqueniquedeschefs.fr\/?s={search_term_string}"},"query-input":{"@type":"PropertyValueSpecification","valueRequired":true,"valueName":"search_term_string"}}],"inLanguage":"fr-FR"},{"@type":"Organization","@id":"https:\/\/piqueniquedeschefs.fr\/#organization","name":"Grand Pique-Nique des Chefs","url":"https:\/\/piqueniquedeschefs.fr\/","logo":{"@type":"ImageObject","inLanguage":"fr-FR","@id":"https:\/\/piqueniquedeschefs.fr\/#\/schema\/logo\/image\/","url":"https:\/\/piqueniquedeschefs.fr\/wp-content\/uploads\/2020\/02\/cropped-logo-gpnc-2020.jpg","contentUrl":"https:\/\/piqueniquedeschefs.fr\/wp-content\/uploads\/2020\/02\/cropped-logo-gpnc-2020.jpg","width":218,"height":136,"caption":"Grand Pique-Nique des Chefs"},"image":{"@id":"https:\/\/piqueniquedeschefs.fr\/#\/schema\/logo\/image\/"}}]}},"_links":{"self":[{"href":"https:\/\/piqueniquedeschefs.fr\/index.php\/wp-json\/wp\/v2\/pages\/68","targetHints":{"allow":["GET"]}}],"collection":[{"href":"https:\/\/piqueniquedeschefs.fr\/index.php\/wp-json\/wp\/v2\/pages"}],"about":[{"href":"https:\/\/piqueniquedeschefs.fr\/index.php\/wp-json\/wp\/v2\/types\/page"}],"author":[{"embeddable":true,"href":"https:\/\/piqueniquedeschefs.fr\/index.php\/wp-json\/wp\/v2\/users\/1"}],"replies":[{"embeddable":true,"href":"https:\/\/piqueniquedeschefs.fr\/index.php\/wp-json\/wp\/v2\/comments?post=68"}],"version-history":[{"count":20,"href":"https:\/\/piqueniquedeschefs.fr\/index.php\/wp-json\/wp\/v2\/pages\/68\/revisions"}],"predecessor-version":[{"id":4019,"href":"https:\/\/piqueniquedeschefs.fr\/index.php\/wp-json\/wp\/v2\/pages\/68\/revisions\/4019"}],"wp:attachment":[{"href":"https:\/\/piqueniquedeschefs.fr\/index.php\/wp-json\/wp\/v2\/media?parent=68"}],"curies":[{"name":"wp","href":"https:\/\/api.w.org\/{rel}","templated":true}]}}