{"id":70,"date":"2020-02-19T20:43:50","date_gmt":"2020-02-19T19:43:50","guid":{"rendered":"http:\/\/piqueniquedeschefs.fr\/?page_id=70"},"modified":"2022-12-01T12:52:42","modified_gmt":"2022-12-01T11:52:42","slug":"contact","status":"publish","type":"page","link":"https:\/\/piqueniquedeschefs.fr\/index.php\/contact\/","title":{"rendered":"Contact"},"content":{"rendered":"\n<div style=\"height:100px\" aria-hidden=\"true\" class=\"wp-block-spacer\"><\/div>\n\n\n\n<h2 class=\"wp-block-heading\" style=\"text-transform:uppercase\">Une question, une demande ?<\/h2>\n\n\n\n<p>Organisateur : <a href=\"https:\/\/www.evenconcepts.fr\/\">Eve&rsquo;n concepts<\/a> \/ 04.56.14.15.39<\/p>\n\n\n\n<div style=\"height:20px\" aria-hidden=\"true\" class=\"wp-block-spacer\"><\/div>\n\n\n\n<div class=\"forminator-ui forminator-custom-form forminator-custom-form-2603 forminator-design--default  forminator_ajax\" data-forminator-render=\"0\" data-form=\"forminator-module-2603\" data-uid=\"69eb7e35f356e\"><br\/><\/div><form\n\t\t\t\tid=\"forminator-module-2603\"\n\t\t\t\tclass=\"forminator-ui forminator-custom-form forminator-custom-form-2603 forminator-design--default  forminator_ajax\"\n\t\t\t\tmethod=\"post\"\n\t\t\t\tdata-forminator-render=\"0\"\n\t\t\t\tdata-form-id=\"2603\"\n\t\t\t\t data-color-option=\"default\" data-design=\"default\" data-grid=\"open\" style=\"display: none;\"\n\t\t\t\tdata-uid=\"69eb7e35f356e\"\n\t\t\t><div role=\"alert\" aria-live=\"polite\" class=\"forminator-response-message forminator-error\" aria-hidden=\"true\"><\/div><div class=\"forminator-row\"><div id=\"name-1\" class=\"forminator-field-name forminator-col forminator-col-12 \"><div class=\"forminator-field\"><label for=\"forminator-field-name-1_69eb7e35f356e\" id=\"forminator-field-name-1_69eb7e35f356e-label\" class=\"forminator-label\">Nom et Pr\u00e9nom <span class=\"forminator-required\">*<\/span><\/label><input type=\"text\" name=\"name-1\" value=\"\" placeholder=\"\" id=\"forminator-field-name-1_69eb7e35f356e\" class=\"forminator-input forminator-name--field\" aria-required=\"true\" autocomplete=\"name\" \/><\/div><\/div><\/div><div class=\"forminator-row\"><div id=\"email-1\" class=\"forminator-field-email forminator-col forminator-col-12 \"><div class=\"forminator-field\"><label for=\"forminator-field-email-1_69eb7e35f356e\" id=\"forminator-field-email-1_69eb7e35f356e-label\" class=\"forminator-label\">Adresse de messagerie <span class=\"forminator-required\">*<\/span><\/label><input type=\"email\" name=\"email-1\" value=\"\" placeholder=\"\" id=\"forminator-field-email-1_69eb7e35f356e\" class=\"forminator-input forminator-email--field\" data-required=\"true\" aria-required=\"true\" autocomplete=\"email\" \/><\/div><\/div><\/div><div class=\"forminator-row\"><div id=\"phone-1\" class=\"forminator-field-phone forminator-col forminator-col-12 \"><div class=\"forminator-field\"><label for=\"forminator-field-phone-1_69eb7e35f356e\" id=\"forminator-field-phone-1_69eb7e35f356e-label\" class=\"forminator-label\">Num\u00e9ro de t\u00e9l\u00e9phone<\/label><input type=\"text\" name=\"phone-1\" value=\"\" placeholder=\"\" id=\"forminator-field-phone-1_69eb7e35f356e\" class=\"forminator-input forminator-field--phone\" data-required=\"\" aria-required=\"false\" autocomplete=\"off\" \/><\/div><\/div><\/div><div class=\"forminator-row\"><div id=\"textarea-1\" class=\"forminator-field-textarea forminator-col forminator-col-12 \"><div class=\"forminator-field\"><label for=\"forminator-field-textarea-1_69eb7e35f356e\" id=\"forminator-field-textarea-1_69eb7e35f356e-label\" class=\"forminator-label\">Message<\/label><textarea name=\"textarea-1\" placeholder=\"Saisissez votre message\u2026\" id=\"forminator-field-textarea-1_69eb7e35f356e\" class=\"forminator-textarea\" rows=\"6\" style=\"min-height:140px;\" maxlength=\"180\" ><\/textarea><span id=\"forminator-field-textarea-1_69eb7e35f356e-description\" class=\"forminator-description\"><span data-limit=\"180\" data-type=\"characters\" data-editor=\"\">0 \/ 180<\/span><\/span><\/div><\/div><\/div><div class=\"forminator-row\"><div id=\"captcha-1\" class=\"forminator-field-captcha forminator-col forminator-col-12 \"><div class=\"forminator-captcha-left forminator-g-recaptcha\" data-theme=\"light\"  data-sitekey=\"6Le47bwaAAAAAEmOaXTqYL6Q3eGmjdfjdc2_Zh8j\" data-size=\"normal\"><\/div> <\/div><\/div><input type=\"hidden\" name=\"referer_url\" value=\"\" \/><div class=\"forminator-row forminator-row-last\"><div class=\"forminator-col\"><div class=\"forminator-field\"><button class=\"forminator-button forminator-button-submit\">Envoyer le message<\/button><\/div><\/div><\/div><input type=\"hidden\" id=\"forminator_nonce\" name=\"forminator_nonce\" value=\"5e0696b5cd\" \/><input type=\"hidden\" name=\"_wp_http_referer\" value=\"\/index.php\/wp-json\/wp\/v2\/pages\/70\" \/><input type=\"hidden\" name=\"form_id\" value=\"2603\"><input type=\"hidden\" name=\"page_id\" value=\"70\"><input type=\"hidden\" name=\"form_type\" value=\"default\"><input type=\"hidden\" name=\"current_url\" value=\"https:\/\/piqueniquedeschefs.fr\/index.php\/contact\/\"><input type=\"hidden\" name=\"render_id\" value=\"0\"><input type=\"hidden\" name=\"action\" value=\"forminator_submit_form_custom-forms\"><label for=\"input_5\" class=\"forminator-hidden\" aria-hidden=\"true\">Veuillez ne pas remplir ce champ. <input id=\"input_5\" type=\"text\" name=\"input_5\" value=\"\" autocomplete=\"off\"><\/label><\/form>\n\n\n\n<div style=\"height:100px\" aria-hidden=\"true\" class=\"wp-block-spacer\"><\/div>\n","protected":false},"excerpt":{"rendered":"<p>Une question, une demande ? Organisateur : Eve&rsquo;n concepts \/ 04.56.14.15.39<\/p>\n","protected":false},"author":1,"featured_media":0,"parent":0,"menu_order":0,"comment_status":"closed","ping_status":"closed","template":"","meta":{"footnotes":""},"class_list":["post-70","page","type-page","status-publish","hentry"],"yoast_head":"<!-- This site is optimized with the Yoast SEO plugin v26.7 - https:\/\/yoast.com\/wordpress\/plugins\/seo\/ -->\n<title>Contact - Grand Pique-Nique des Chefs<\/title>\n<meta name=\"robots\" content=\"index, follow, max-snippet:-1, max-image-preview:large, max-video-preview:-1\" \/>\n<link rel=\"canonical\" href=\"https:\/\/piqueniquedeschefs.fr\/index.php\/contact\/\" \/>\n<meta property=\"og:locale\" content=\"fr_FR\" \/>\n<meta property=\"og:type\" content=\"article\" \/>\n<meta property=\"og:title\" content=\"Contact - Grand Pique-Nique des Chefs\" \/>\n<meta property=\"og:description\" content=\"Une question, une demande ? Organisateur : Eve&rsquo;n concepts \/ 04.56.14.15.39\" \/>\n<meta property=\"og:url\" content=\"https:\/\/piqueniquedeschefs.fr\/index.php\/contact\/\" \/>\n<meta property=\"og:site_name\" content=\"Grand Pique-Nique des Chefs\" \/>\n<meta property=\"article:modified_time\" content=\"2022-12-01T11:52:42+00:00\" \/>\n<meta name=\"twitter:card\" content=\"summary_large_image\" \/>\n<meta name=\"twitter:label1\" content=\"Dur\u00e9e de lecture estim\u00e9e\" \/>\n\t<meta name=\"twitter:data1\" content=\"1 minute\" \/>\n<script type=\"application\/ld+json\" class=\"yoast-schema-graph\">{\"@context\":\"https:\/\/schema.org\",\"@graph\":[{\"@type\":\"WebPage\",\"@id\":\"https:\/\/piqueniquedeschefs.fr\/index.php\/contact\/\",\"url\":\"https:\/\/piqueniquedeschefs.fr\/index.php\/contact\/\",\"name\":\"Contact - Grand Pique-Nique des Chefs\",\"isPartOf\":{\"@id\":\"https:\/\/piqueniquedeschefs.fr\/#website\"},\"datePublished\":\"2020-02-19T19:43:50+00:00\",\"dateModified\":\"2022-12-01T11:52:42+00:00\",\"breadcrumb\":{\"@id\":\"https:\/\/piqueniquedeschefs.fr\/index.php\/contact\/#breadcrumb\"},\"inLanguage\":\"fr-FR\",\"potentialAction\":[{\"@type\":\"ReadAction\",\"target\":[\"https:\/\/piqueniquedeschefs.fr\/index.php\/contact\/\"]}]},{\"@type\":\"BreadcrumbList\",\"@id\":\"https:\/\/piqueniquedeschefs.fr\/index.php\/contact\/#breadcrumb\",\"itemListElement\":[{\"@type\":\"ListItem\",\"position\":1,\"name\":\"Accueil\",\"item\":\"https:\/\/piqueniquedeschefs.fr\/\"},{\"@type\":\"ListItem\",\"position\":2,\"name\":\"Contact\"}]},{\"@type\":\"WebSite\",\"@id\":\"https:\/\/piqueniquedeschefs.fr\/#website\",\"url\":\"https:\/\/piqueniquedeschefs.fr\/\",\"name\":\"Grand Pique-Nique des Chefs\",\"description\":\"Ev\u00e9nement culinaire\",\"publisher\":{\"@id\":\"https:\/\/piqueniquedeschefs.fr\/#organization\"},\"potentialAction\":[{\"@type\":\"SearchAction\",\"target\":{\"@type\":\"EntryPoint\",\"urlTemplate\":\"https:\/\/piqueniquedeschefs.fr\/?s={search_term_string}\"},\"query-input\":{\"@type\":\"PropertyValueSpecification\",\"valueRequired\":true,\"valueName\":\"search_term_string\"}}],\"inLanguage\":\"fr-FR\"},{\"@type\":\"Organization\",\"@id\":\"https:\/\/piqueniquedeschefs.fr\/#organization\",\"name\":\"Grand Pique-Nique des Chefs\",\"url\":\"https:\/\/piqueniquedeschefs.fr\/\",\"logo\":{\"@type\":\"ImageObject\",\"inLanguage\":\"fr-FR\",\"@id\":\"https:\/\/piqueniquedeschefs.fr\/#\/schema\/logo\/image\/\",\"url\":\"https:\/\/piqueniquedeschefs.fr\/wp-content\/uploads\/2020\/02\/cropped-logo-gpnc-2020.jpg\",\"contentUrl\":\"https:\/\/piqueniquedeschefs.fr\/wp-content\/uploads\/2020\/02\/cropped-logo-gpnc-2020.jpg\",\"width\":218,\"height\":136,\"caption\":\"Grand Pique-Nique des Chefs\"},\"image\":{\"@id\":\"https:\/\/piqueniquedeschefs.fr\/#\/schema\/logo\/image\/\"}}]}<\/script>\n<!-- \/ Yoast SEO plugin. -->","yoast_head_json":{"title":"Contact - Grand Pique-Nique des Chefs","robots":{"index":"index","follow":"follow","max-snippet":"max-snippet:-1","max-image-preview":"max-image-preview:large","max-video-preview":"max-video-preview:-1"},"canonical":"https:\/\/piqueniquedeschefs.fr\/index.php\/contact\/","og_locale":"fr_FR","og_type":"article","og_title":"Contact - Grand Pique-Nique des Chefs","og_description":"Une question, une demande ? Organisateur : Eve&rsquo;n concepts \/ 04.56.14.15.39","og_url":"https:\/\/piqueniquedeschefs.fr\/index.php\/contact\/","og_site_name":"Grand Pique-Nique des Chefs","article_modified_time":"2022-12-01T11:52:42+00:00","twitter_card":"summary_large_image","twitter_misc":{"Dur\u00e9e de lecture estim\u00e9e":"1 minute"},"schema":{"@context":"https:\/\/schema.org","@graph":[{"@type":"WebPage","@id":"https:\/\/piqueniquedeschefs.fr\/index.php\/contact\/","url":"https:\/\/piqueniquedeschefs.fr\/index.php\/contact\/","name":"Contact - Grand Pique-Nique des Chefs","isPartOf":{"@id":"https:\/\/piqueniquedeschefs.fr\/#website"},"datePublished":"2020-02-19T19:43:50+00:00","dateModified":"2022-12-01T11:52:42+00:00","breadcrumb":{"@id":"https:\/\/piqueniquedeschefs.fr\/index.php\/contact\/#breadcrumb"},"inLanguage":"fr-FR","potentialAction":[{"@type":"ReadAction","target":["https:\/\/piqueniquedeschefs.fr\/index.php\/contact\/"]}]},{"@type":"BreadcrumbList","@id":"https:\/\/piqueniquedeschefs.fr\/index.php\/contact\/#breadcrumb","itemListElement":[{"@type":"ListItem","position":1,"name":"Accueil","item":"https:\/\/piqueniquedeschefs.fr\/"},{"@type":"ListItem","position":2,"name":"Contact"}]},{"@type":"WebSite","@id":"https:\/\/piqueniquedeschefs.fr\/#website","url":"https:\/\/piqueniquedeschefs.fr\/","name":"Grand Pique-Nique des Chefs","description":"Ev\u00e9nement culinaire","publisher":{"@id":"https:\/\/piqueniquedeschefs.fr\/#organization"},"potentialAction":[{"@type":"SearchAction","target":{"@type":"EntryPoint","urlTemplate":"https:\/\/piqueniquedeschefs.fr\/?s={search_term_string}"},"query-input":{"@type":"PropertyValueSpecification","valueRequired":true,"valueName":"search_term_string"}}],"inLanguage":"fr-FR"},{"@type":"Organization","@id":"https:\/\/piqueniquedeschefs.fr\/#organization","name":"Grand Pique-Nique des Chefs","url":"https:\/\/piqueniquedeschefs.fr\/","logo":{"@type":"ImageObject","inLanguage":"fr-FR","@id":"https:\/\/piqueniquedeschefs.fr\/#\/schema\/logo\/image\/","url":"https:\/\/piqueniquedeschefs.fr\/wp-content\/uploads\/2020\/02\/cropped-logo-gpnc-2020.jpg","contentUrl":"https:\/\/piqueniquedeschefs.fr\/wp-content\/uploads\/2020\/02\/cropped-logo-gpnc-2020.jpg","width":218,"height":136,"caption":"Grand Pique-Nique des Chefs"},"image":{"@id":"https:\/\/piqueniquedeschefs.fr\/#\/schema\/logo\/image\/"}}]}},"_links":{"self":[{"href":"https:\/\/piqueniquedeschefs.fr\/index.php\/wp-json\/wp\/v2\/pages\/70","targetHints":{"allow":["GET"]}}],"collection":[{"href":"https:\/\/piqueniquedeschefs.fr\/index.php\/wp-json\/wp\/v2\/pages"}],"about":[{"href":"https:\/\/piqueniquedeschefs.fr\/index.php\/wp-json\/wp\/v2\/types\/page"}],"author":[{"embeddable":true,"href":"https:\/\/piqueniquedeschefs.fr\/index.php\/wp-json\/wp\/v2\/users\/1"}],"replies":[{"embeddable":true,"href":"https:\/\/piqueniquedeschefs.fr\/index.php\/wp-json\/wp\/v2\/comments?post=70"}],"version-history":[{"count":26,"href":"https:\/\/piqueniquedeschefs.fr\/index.php\/wp-json\/wp\/v2\/pages\/70\/revisions"}],"predecessor-version":[{"id":2604,"href":"https:\/\/piqueniquedeschefs.fr\/index.php\/wp-json\/wp\/v2\/pages\/70\/revisions\/2604"}],"wp:attachment":[{"href":"https:\/\/piqueniquedeschefs.fr\/index.php\/wp-json\/wp\/v2\/media?parent=70"}],"curies":[{"name":"wp","href":"https:\/\/api.w.org\/{rel}","templated":true}]}}